{"id":1569,"date":"2023-03-01T12:57:20","date_gmt":"2023-03-01T12:57:20","guid":{"rendered":"https:\/\/rodest.qodeinteractive.com\/?page_id=1569"},"modified":"2024-09-17T15:49:57","modified_gmt":"2024-09-17T15:49:57","slug":"faq","status":"publish","type":"page","link":"https:\/\/arredo2001.com\/en\/faq\/","title":{"rendered":"FAQ"},"content":{"rendered":"<div data-elementor-type=\"wp-page\" data-elementor-id=\"1569\" class=\"elementor elementor-1569\">\n\t\t\t\t\t\t<section class=\"elementor-section elementor-top-section elementor-element elementor-element-3f099a6 elementor-section-full_width elementor-section-height-default elementor-section-height-default wpr-particle-no wpr-jarallax-no wpr-parallax-no wpr-sticky-section-no\" data-id=\"3f099a6\" data-element_type=\"section\">\n\t\t\t\t\t\t<div class=\"elementor-container elementor-column-gap-default\">\n\t\t\t\t\t<div class=\"elementor-column elementor-col-100 elementor-top-column elementor-element elementor-element-5dcfc23\" data-id=\"5dcfc23\" data-element_type=\"column\">\n\t\t\t<div class=\"elementor-widget-wrap elementor-element-populated\">\n\t\t\t\t\t\t<div class=\"elementor-element elementor-element-12324fa elementor-widget elementor-widget-rodest_core_single_image\" data-id=\"12324fa\" data-element_type=\"widget\" data-widget_type=\"rodest_core_single_image.default\">\n\t\t\t\t<div class=\"elementor-widget-container\">\n\t\t\t\t\t<div class=\"qodef-shortcode qodef-m  qodef-single-image qodef-layout--default\">\n\t<\/div>\n\t\t\t\t<\/div>\n\t\t\t\t<\/div>\n\t\t\t\t\t<\/div>\n\t\t<\/div>\n\t\t\t\t\t<\/div>\n\t\t<\/section>\n\t\t\t\t<section class=\"elementor-section elementor-top-section elementor-element elementor-element-9dbd5da elementor-section-full_width elementor-section-height-default elementor-section-height-default wpr-particle-no wpr-jarallax-no wpr-parallax-no wpr-sticky-section-no\" data-id=\"9dbd5da\" data-element_type=\"section\">\n\t\t\t\t\t\t<div class=\"elementor-container elementor-column-gap-default\">\n\t\t\t\t\t<div class=\"elementor-column elementor-col-50 elementor-top-column elementor-element elementor-element-cddedc1\" data-id=\"cddedc1\" data-element_type=\"column\">\n\t\t\t<div class=\"elementor-widget-wrap elementor-element-populated\">\n\t\t\t\t\t\t<div class=\"elementor-element elementor-element-52855c2 elementor-widget elementor-widget-text-editor\" data-id=\"52855c2\" data-element_type=\"widget\" data-widget_type=\"text-editor.default\">\n\t\t\t\t<div class=\"elementor-widget-container\">\n\t\t\t\t\t\t\t\t\t<h1><span style=\"white-space-collapse: preserve;\">Frequently Asked Questions<\/span><\/h1>\t\t\t\t\t\t\t\t<\/div>\n\t\t\t\t<\/div>\n\t\t\t\t\t<\/div>\n\t\t<\/div>\n\t\t\t\t<div class=\"elementor-column elementor-col-50 elementor-top-column elementor-element elementor-element-84c0be1\" data-id=\"84c0be1\" data-element_type=\"column\">\n\t\t\t<div class=\"elementor-widget-wrap elementor-element-populated\">\n\t\t\t\t\t\t<div class=\"elementor-element elementor-element-04f68b8 elementor-widget elementor-widget-rodest_core_section_title\" data-id=\"04f68b8\" data-element_type=\"widget\" data-widget_type=\"rodest_core_section_title.default\">\n\t\t\t\t<div class=\"elementor-widget-container\">\n\t\t\t\t\t<div class=\"qodef-shortcode qodef-m  qodef-section-title qodef-alignment--left\">\n\t\t<h2 class=\"qodef-m-title\" >\n\t\t            Check here for customer frequently asked <span class=\"qodef-highlight-text\" >questions<\/span> .\t\t\t<\/h2>\n\t    <\/div>\n\t\t\t\t<\/div>\n\t\t\t\t<\/div>\n\t\t\t\t<div class=\"elementor-element elementor-element-4ca3983 elementor-widget elementor-widget-rodest_core_accordion\" data-id=\"4ca3983\" data-element_type=\"widget\" data-widget_type=\"rodest_core_accordion.default\">\n\t\t\t\t<div class=\"elementor-widget-container\">\n\t\t\t\t\t<div class=\"qodef-shortcode qodef-m  qodef-accordion clear qodef-behavior--accordion qodef-layout--simple\">\n\t<h5 class=\"qodef-accordion-title\">\n<span class=\"qodef-tab-title\">HOW CAN I MAKE MY ORDER?<\/span>\n<span class=\"qodef-accordion-mark\">\n        <span class=\"qodef-icon--plus\">\n            <svg xmlns=\"http:\/\/www.w3.org\/2000\/svg\" width=\"23.707\" height=\"23.707\" viewbox=\"0 0 23.707 23.707\">\n\t\t\t  <g transform=\"translate(0.707 1)\">\n\t\t\t    <line y1=\"22\" x2=\"22\" transform=\"translate(0)\" fill=\"none\" stroke=\"#ed1918\" stroke-width=\"1\"\/>\n\t\t\t    <line x2=\"22\" transform=\"translate(0)\" fill=\"none\" stroke=\"#ed1918\" stroke-width=\"1\"\/>\n\t\t\t    <line y2=\"22\" transform=\"translate(22)\" fill=\"none\" stroke=\"#ed1918\" stroke-width=\"1\"\/>\n\t\t\t  <\/g>\n\t\t\t<\/svg>\n        <\/span>\n    <\/span>\n<\/h5>\n<div class=\"qodef-accordion-content\">\n    <div class=\"qodef-accordion-content-inner\">\n        <p>It's as easy as adding the products you want to your shopping cart. When you're ready to place your order, just follow the steps on the website. You can pay by credit card, bank transfer, or PayPal. You will receive an email informing you of the status of your order.<\/p>    <\/div>\n<\/div>\n<h5 class=\"qodef-accordion-title\">\n<span class=\"qodef-tab-title\">WHAT ARE THE DELIVERY TIMES?<\/span>\n<span class=\"qodef-accordion-mark\">\n        <span class=\"qodef-icon--plus\">\n            <svg xmlns=\"http:\/\/www.w3.org\/2000\/svg\" width=\"23.707\" height=\"23.707\" viewbox=\"0 0 23.707 23.707\">\n\t\t\t  <g transform=\"translate(0.707 1)\">\n\t\t\t    <line y1=\"22\" x2=\"22\" transform=\"translate(0)\" fill=\"none\" stroke=\"#ed1918\" stroke-width=\"1\"\/>\n\t\t\t    <line x2=\"22\" transform=\"translate(0)\" fill=\"none\" stroke=\"#ed1918\" stroke-width=\"1\"\/>\n\t\t\t    <line y2=\"22\" transform=\"translate(22)\" fill=\"none\" stroke=\"#ed1918\" stroke-width=\"1\"\/>\n\t\t\t  <\/g>\n\t\t\t<\/svg>\n        <\/span>\n    <\/span>\n<\/h5>\n<div class=\"qodef-accordion-content\">\n    <div class=\"qodef-accordion-content-inner\">\n        <p>Delivery time varies depending on the brand and product, and is indicated within each product page. This time is an estimate and may be shorter, depending on factory production, or longer, due to holidays or a high volume of orders.<\/p><p>As we work with products from around the world, Arredo 2001 cannot be held responsible for delays caused by shipping companies or production complications. However, Dom\u00e9sticoShop will promptly inform customers of any possible delays. Additionally, delivery times may vary during the summer season or due to temporary factory closures during holidays.<\/p>    <\/div>\n<\/div>\n<h5 class=\"qodef-accordion-title\">\n<span class=\"qodef-tab-title\">CAN I RETURN PRODUCTS?<\/span>\n<span class=\"qodef-accordion-mark\">\n        <span class=\"qodef-icon--plus\">\n            <svg xmlns=\"http:\/\/www.w3.org\/2000\/svg\" width=\"23.707\" height=\"23.707\" viewbox=\"0 0 23.707 23.707\">\n\t\t\t  <g transform=\"translate(0.707 1)\">\n\t\t\t    <line y1=\"22\" x2=\"22\" transform=\"translate(0)\" fill=\"none\" stroke=\"#ed1918\" stroke-width=\"1\"\/>\n\t\t\t    <line x2=\"22\" transform=\"translate(0)\" fill=\"none\" stroke=\"#ed1918\" stroke-width=\"1\"\/>\n\t\t\t    <line y2=\"22\" transform=\"translate(22)\" fill=\"none\" stroke=\"#ed1918\" stroke-width=\"1\"\/>\n\t\t\t  <\/g>\n\t\t\t<\/svg>\n        <\/span>\n    <\/span>\n<\/h5>\n<div class=\"qodef-accordion-content\">\n    <div class=\"qodef-accordion-content-inner\">\n        <div><p class=\"Poromisin\"><span lang=\"ES-TRAD\">For standard products<\/span>\u00e1<span lang=\"ES-TRAD\">you have the right to withdraw from the contract within 14<\/span>- days -<span lang=\"ES-TRAD\">without the need to provide any reason. The right of withdrawal applies to all products, except for 'made-to-order' products (see the information in our sales conditions regarding 'made-to-order' products).<\/span><\/p><\/div>    <\/div>\n<\/div>\n<h5 class=\"qodef-accordion-title\">\n<span class=\"qodef-tab-title\">ARE ALL THE FURNITURE PIECES ORIGINAL?<\/span>\n<span class=\"qodef-accordion-mark\">\n        <span class=\"qodef-icon--plus\">\n            <svg xmlns=\"http:\/\/www.w3.org\/2000\/svg\" width=\"23.707\" height=\"23.707\" viewbox=\"0 0 23.707 23.707\">\n\t\t\t  <g transform=\"translate(0.707 1)\">\n\t\t\t    <line y1=\"22\" x2=\"22\" transform=\"translate(0)\" fill=\"none\" stroke=\"#ed1918\" stroke-width=\"1\"\/>\n\t\t\t    <line x2=\"22\" transform=\"translate(0)\" fill=\"none\" stroke=\"#ed1918\" stroke-width=\"1\"\/>\n\t\t\t    <line y2=\"22\" transform=\"translate(22)\" fill=\"none\" stroke=\"#ed1918\" stroke-width=\"1\"\/>\n\t\t\t  <\/g>\n\t\t\t<\/svg>\n        <\/span>\n    <\/span>\n<\/h5>\n<div class=\"qodef-accordion-content\">\n    <div class=\"qodef-accordion-content-inner\">\n        <p>All products in the Arredo 2001 catalog are <a href=\"https:\/\/www.domesticoshop.com\/garantia-diseno-original\">100% originales<\/a>. In each product page, you can find information about the origin, designer, and manufacturer. This means that the manufacturers hold the licenses for the products they sell, thereby respecting the designers or their heirs, as well as the production methods that ensure durability and quality of a product, along with the reputation built over years for design classics.<\/p>    <\/div>\n<\/div>\n<h5 class=\"qodef-accordion-title\">\n<span class=\"qodef-tab-title\">ARE THERE MORE PRODUCTS BEYOND THOSE PUBLISHED?<\/span>\n<span class=\"qodef-accordion-mark\">\n        <span class=\"qodef-icon--plus\">\n            <svg xmlns=\"http:\/\/www.w3.org\/2000\/svg\" width=\"23.707\" height=\"23.707\" viewbox=\"0 0 23.707 23.707\">\n\t\t\t  <g transform=\"translate(0.707 1)\">\n\t\t\t    <line y1=\"22\" x2=\"22\" transform=\"translate(0)\" fill=\"none\" stroke=\"#ed1918\" stroke-width=\"1\"\/>\n\t\t\t    <line x2=\"22\" transform=\"translate(0)\" fill=\"none\" stroke=\"#ed1918\" stroke-width=\"1\"\/>\n\t\t\t    <line y2=\"22\" transform=\"translate(22)\" fill=\"none\" stroke=\"#ed1918\" stroke-width=\"1\"\/>\n\t\t\t  <\/g>\n\t\t\t<\/svg>\n        <\/span>\n    <\/span>\n<\/h5>\n<div class=\"qodef-accordion-content\">\n    <div class=\"qodef-accordion-content-inner\">\n        <p>Yes, not all the products we offer are published in our online store. Additionally, some available products can be customized or made to order. If you have a special request or are looking for something specific, feel free to contact us. We would be happy to help you find or create the perfect product for you.<\/p>    <\/div>\n<\/div>\n<\/div>\n\t\t\t\t<\/div>\n\t\t\t\t<\/div>\n\t\t\t\t\t<\/div>\n\t\t<\/div>\n\t\t\t\t\t<\/div>\n\t\t<\/section>\n\t\t\t\t<\/div>","protected":false},"excerpt":{"rendered":"<p>Preguntas Frecuentes Consulta aqu\u00ed las preguntas frecuentes de los clientes. \u00bfC\u00d3MO PUEDO COMPRAR? Es tan f\u00e1cil como ir agregando los productos que desees a tu cesta de la compra. En el momento de formalizar tu pedido solamente tienes que seguir los pasos de la web. Puedes realizar el pago con tarjeta de cr\u00e9dito, transferencia bancaria, o PayPal. Recibir\u00e1s un mensaje de correo electr\u00f3nico inform\u00e1ndote del estado de tu pedido. \u00bfCU\u00c1LES SON LOS PLAZOS DE ENTREGA? El tiempo de entrega var\u00eda en funci\u00f3n de la marca y el producto, y est\u00e1 indicado en el interior de cada una de nuestras fichas. Este tiempo es orientativo y puede ser tanto menor, dependiendo de la producci\u00f3n en f\u00e1brica, como mayor, debido a d\u00edas festivos o alto n\u00famero de pedidos. Al trabajar con productos provenientes de todo el mundo, Arredo 2001 no puede hacerse responsable de los retrasos ocasionados por las empresas de transporte o complicaciones en la producci\u00f3n. Sin embargo, Dom\u00e9sticoShop informar\u00e1 puntualmente de los posibles retrasos. Asimismo, existe posibilidad de variaciones en los d\u00edas de entrega durante la \u00e9poca estival o el descanso temporal de las f\u00e1bricas propio de los d\u00edas festivos. \u00bfPUEDO DEVOLVER LOS PRODUCTOS? Para productos est\u00e1ndar, tienes derecho a desistir del contrato dentro de los 14 d\u00edas sin necesidad de dar ninguna raz\u00f3n. El derecho de desistimiento se aplica a todos los productos, excepto los productos \u00abbajo pedido\u00bb (ver la informaci\u00f3n en nuestras condiciones de venta sobre los productos \u00abbajo pedido\u00bb). \u00bfTODOS LOS MUEBLES SON ORIGINALES? Todos los productos del cat\u00e1logo de Arredo 2001 son 100% originales. En cada ficha de producto puedes consultar los datos de procedencia, dise\u00f1ador y fabricante. Esto quiere decir que los fabricantes poseen las licencias de los productos que comercializan, respetando as\u00ed a los dise\u00f1adores o sus herederos y el modo de producci\u00f3n que da las garant\u00edas de durabilidad y calidad a un producto o la reputaci\u00f3n conseguida durante a\u00f1os de un cl\u00e1sico del dise\u00f1o. \u00bfHAY M\u00c1S PRODUCTOS A PARTE DE LOS PUBLICADOS? S\u00ed, no todos los productos que podemos ofrecer est\u00e1n publicados en nuestra tienda online. Adem\u00e1s, algunos de los productos disponibles pueden ser personalizados o hechos por encargo. Si tienes una solicitud especial o est\u00e1s buscando algo espec\u00edfico, no dudes en ponerte en contacto con nosotros. Estaremos encantados de ayudarte a encontrar o crear el producto perfecto para ti.<\/p>","protected":false},"author":1,"featured_media":0,"parent":0,"menu_order":0,"comment_status":"closed","ping_status":"closed","template":"page-full-width.php","meta":{"_uag_custom_page_level_css":"","footnotes":""},"yoast_head":"<!-- This site is optimized with the Yoast SEO plugin v24.4 - https:\/\/yoast.com\/wordpress\/plugins\/seo\/ -->\n<title>FAQ | arredo2001.com<\/title>\n<meta name=\"robots\" content=\"index, follow, max-snippet:-1, max-image-preview:large, max-video-preview:-1\" \/>\n<link rel=\"canonical\" href=\"https:\/\/arredo2001.com\/en\/faq\/\" \/>\n<meta property=\"og:locale\" content=\"en_GB\" \/>\n<meta property=\"og:type\" content=\"article\" \/>\n<meta property=\"og:title\" content=\"FAQ | arredo2001.com\" \/>\n<meta property=\"og:description\" content=\"Preguntas Frecuentes Consulta aqu\u00ed las preguntas frecuentes de los clientes. \u00bfC\u00d3MO PUEDO COMPRAR? Es tan f\u00e1cil como ir agregando los productos que desees a tu cesta de la compra. En el momento de formalizar tu pedido solamente tienes que seguir los pasos de la web. Puedes realizar el pago con tarjeta de cr\u00e9dito, transferencia bancaria, o PayPal. Recibir\u00e1s un mensaje de correo electr\u00f3nico inform\u00e1ndote del estado de tu pedido. \u00bfCU\u00c1LES SON LOS PLAZOS DE ENTREGA? El tiempo de entrega var\u00eda en funci\u00f3n de la marca y el producto, y est\u00e1 indicado en el interior de cada una de nuestras fichas. Este tiempo es orientativo y puede ser tanto menor, dependiendo de la producci\u00f3n en f\u00e1brica, como mayor, debido a d\u00edas festivos o alto n\u00famero de pedidos. Al trabajar con productos provenientes de todo el mundo, Arredo 2001 no puede hacerse responsable de los retrasos ocasionados por las empresas de transporte o complicaciones en la producci\u00f3n. Sin embargo, Dom\u00e9sticoShop informar\u00e1 puntualmente de los posibles retrasos. Asimismo, existe posibilidad de variaciones en los d\u00edas de entrega durante la \u00e9poca estival o el descanso temporal de las f\u00e1bricas propio de los d\u00edas festivos. \u00bfPUEDO DEVOLVER LOS PRODUCTOS? Para productos est\u00e1ndar, tienes derecho a desistir del contrato dentro de los 14 d\u00edas sin necesidad de dar ninguna raz\u00f3n. El derecho de desistimiento se aplica a todos los productos, excepto los productos \u00abbajo pedido\u00bb (ver la informaci\u00f3n en nuestras condiciones de venta sobre los productos \u00abbajo pedido\u00bb). \u00bfTODOS LOS MUEBLES SON ORIGINALES? Todos los productos del cat\u00e1logo de Arredo 2001 son 100% originales. En cada ficha de producto puedes consultar los datos de procedencia, dise\u00f1ador y fabricante. Esto quiere decir que los fabricantes poseen las licencias de los productos que comercializan, respetando as\u00ed a los dise\u00f1adores o sus herederos y el modo de producci\u00f3n que da las garant\u00edas de durabilidad y calidad a un producto o la reputaci\u00f3n conseguida durante a\u00f1os de un cl\u00e1sico del dise\u00f1o. \u00bfHAY M\u00c1S PRODUCTOS A PARTE DE LOS PUBLICADOS? S\u00ed, no todos los productos que podemos ofrecer est\u00e1n publicados en nuestra tienda online. Adem\u00e1s, algunos de los productos disponibles pueden ser personalizados o hechos por encargo. Si tienes una solicitud especial o est\u00e1s buscando algo espec\u00edfico, no dudes en ponerte en contacto con nosotros. Estaremos encantados de ayudarte a encontrar o crear el producto perfecto para ti.\" \/>\n<meta property=\"og:url\" content=\"https:\/\/arredo2001.com\/en\/faq\/\" \/>\n<meta property=\"og:site_name\" content=\"arredo2001.com\" \/>\n<meta property=\"article:modified_time\" content=\"2024-09-17T15:49:57+00:00\" \/>\n<meta name=\"twitter:card\" content=\"summary_large_image\" \/>\n<meta name=\"twitter:label1\" content=\"Estimated reading time\" \/>\n\t<meta name=\"twitter:data1\" content=\"2 minutes\" \/>\n<script type=\"application\/ld+json\" class=\"yoast-schema-graph\">{\"@context\":\"https:\/\/schema.org\",\"@graph\":[{\"@type\":\"WebPage\",\"@id\":\"https:\/\/arredo2001.com\/faq\/\",\"url\":\"https:\/\/arredo2001.com\/faq\/\",\"name\":\"FAQ | arredo2001.com\",\"isPartOf\":{\"@id\":\"https:\/\/arredo2001.com\/#website\"},\"datePublished\":\"2023-03-01T12:57:20+00:00\",\"dateModified\":\"2024-09-17T15:49:57+00:00\",\"breadcrumb\":{\"@id\":\"https:\/\/arredo2001.com\/faq\/#breadcrumb\"},\"inLanguage\":\"en-GB\",\"potentialAction\":[{\"@type\":\"ReadAction\",\"target\":[\"https:\/\/arredo2001.com\/faq\/\"]}]},{\"@type\":\"BreadcrumbList\",\"@id\":\"https:\/\/arredo2001.com\/faq\/#breadcrumb\",\"itemListElement\":[{\"@type\":\"ListItem\",\"position\":1,\"name\":\"Portada\",\"item\":\"https:\/\/arredo2001.com\/\"},{\"@type\":\"ListItem\",\"position\":2,\"name\":\"FAQ\"}]},{\"@type\":\"WebSite\",\"@id\":\"https:\/\/arredo2001.com\/#website\",\"url\":\"https:\/\/arredo2001.com\/\",\"name\":\"arredo2001.com\",\"description\":\"\",\"publisher\":{\"@id\":\"https:\/\/arredo2001.com\/#organization\"},\"potentialAction\":[{\"@type\":\"SearchAction\",\"target\":{\"@type\":\"EntryPoint\",\"urlTemplate\":\"https:\/\/arredo2001.com\/?s={search_term_string}\"},\"query-input\":{\"@type\":\"PropertyValueSpecification\",\"valueRequired\":true,\"valueName\":\"search_term_string\"}}],\"inLanguage\":\"en-GB\"},{\"@type\":\"Organization\",\"@id\":\"https:\/\/arredo2001.com\/#organization\",\"name\":\"arredo2001.com\",\"url\":\"https:\/\/arredo2001.com\/\",\"logo\":{\"@type\":\"ImageObject\",\"inLanguage\":\"en-GB\",\"@id\":\"https:\/\/arredo2001.com\/#\/schema\/logo\/image\/\",\"url\":\"https:\/\/arredo2001.com\/wp-content\/uploads\/2024\/08\/A01-Logotipo.png\",\"contentUrl\":\"https:\/\/arredo2001.com\/wp-content\/uploads\/2024\/08\/A01-Logotipo.png\",\"width\":138,\"height\":57,\"caption\":\"arredo2001.com\"},\"image\":{\"@id\":\"https:\/\/arredo2001.com\/#\/schema\/logo\/image\/\"}}]}<\/script>\n<!-- \/ Yoast SEO plugin. -->","yoast_head_json":{"title":"FAQ | arredo2001.com","robots":{"index":"index","follow":"follow","max-snippet":"max-snippet:-1","max-image-preview":"max-image-preview:large","max-video-preview":"max-video-preview:-1"},"canonical":"https:\/\/arredo2001.com\/en\/faq\/","og_locale":"en_GB","og_type":"article","og_title":"FAQ | arredo2001.com","og_description":"Preguntas Frecuentes Consulta aqu\u00ed las preguntas frecuentes de los clientes. \u00bfC\u00d3MO PUEDO COMPRAR? Es tan f\u00e1cil como ir agregando los productos que desees a tu cesta de la compra. En el momento de formalizar tu pedido solamente tienes que seguir los pasos de la web. Puedes realizar el pago con tarjeta de cr\u00e9dito, transferencia bancaria, o PayPal. Recibir\u00e1s un mensaje de correo electr\u00f3nico inform\u00e1ndote del estado de tu pedido. \u00bfCU\u00c1LES SON LOS PLAZOS DE ENTREGA? El tiempo de entrega var\u00eda en funci\u00f3n de la marca y el producto, y est\u00e1 indicado en el interior de cada una de nuestras fichas. Este tiempo es orientativo y puede ser tanto menor, dependiendo de la producci\u00f3n en f\u00e1brica, como mayor, debido a d\u00edas festivos o alto n\u00famero de pedidos. Al trabajar con productos provenientes de todo el mundo, Arredo 2001 no puede hacerse responsable de los retrasos ocasionados por las empresas de transporte o complicaciones en la producci\u00f3n. Sin embargo, Dom\u00e9sticoShop informar\u00e1 puntualmente de los posibles retrasos. Asimismo, existe posibilidad de variaciones en los d\u00edas de entrega durante la \u00e9poca estival o el descanso temporal de las f\u00e1bricas propio de los d\u00edas festivos. \u00bfPUEDO DEVOLVER LOS PRODUCTOS? Para productos est\u00e1ndar, tienes derecho a desistir del contrato dentro de los 14 d\u00edas sin necesidad de dar ninguna raz\u00f3n. El derecho de desistimiento se aplica a todos los productos, excepto los productos \u00abbajo pedido\u00bb (ver la informaci\u00f3n en nuestras condiciones de venta sobre los productos \u00abbajo pedido\u00bb). \u00bfTODOS LOS MUEBLES SON ORIGINALES? Todos los productos del cat\u00e1logo de Arredo 2001 son 100% originales. En cada ficha de producto puedes consultar los datos de procedencia, dise\u00f1ador y fabricante. Esto quiere decir que los fabricantes poseen las licencias de los productos que comercializan, respetando as\u00ed a los dise\u00f1adores o sus herederos y el modo de producci\u00f3n que da las garant\u00edas de durabilidad y calidad a un producto o la reputaci\u00f3n conseguida durante a\u00f1os de un cl\u00e1sico del dise\u00f1o. \u00bfHAY M\u00c1S PRODUCTOS A PARTE DE LOS PUBLICADOS? S\u00ed, no todos los productos que podemos ofrecer est\u00e1n publicados en nuestra tienda online. Adem\u00e1s, algunos de los productos disponibles pueden ser personalizados o hechos por encargo. Si tienes una solicitud especial o est\u00e1s buscando algo espec\u00edfico, no dudes en ponerte en contacto con nosotros. Estaremos encantados de ayudarte a encontrar o crear el producto perfecto para ti.","og_url":"https:\/\/arredo2001.com\/en\/faq\/","og_site_name":"arredo2001.com","article_modified_time":"2024-09-17T15:49:57+00:00","twitter_card":"summary_large_image","twitter_misc":{"Estimated reading time":"2 minutes"},"schema":{"@context":"https:\/\/schema.org","@graph":[{"@type":"WebPage","@id":"https:\/\/arredo2001.com\/faq\/","url":"https:\/\/arredo2001.com\/faq\/","name":"FAQ | arredo2001.com","isPartOf":{"@id":"https:\/\/arredo2001.com\/#website"},"datePublished":"2023-03-01T12:57:20+00:00","dateModified":"2024-09-17T15:49:57+00:00","breadcrumb":{"@id":"https:\/\/arredo2001.com\/faq\/#breadcrumb"},"inLanguage":"en-GB","potentialAction":[{"@type":"ReadAction","target":["https:\/\/arredo2001.com\/faq\/"]}]},{"@type":"BreadcrumbList","@id":"https:\/\/arredo2001.com\/faq\/#breadcrumb","itemListElement":[{"@type":"ListItem","position":1,"name":"Portada","item":"https:\/\/arredo2001.com\/"},{"@type":"ListItem","position":2,"name":"FAQ"}]},{"@type":"WebSite","@id":"https:\/\/arredo2001.com\/#website","url":"https:\/\/arredo2001.com\/","name":"arredo2001.com","description":"","publisher":{"@id":"https:\/\/arredo2001.com\/#organization"},"potentialAction":[{"@type":"SearchAction","target":{"@type":"EntryPoint","urlTemplate":"https:\/\/arredo2001.com\/?s={search_term_string}"},"query-input":{"@type":"PropertyValueSpecification","valueRequired":true,"valueName":"search_term_string"}}],"inLanguage":"en-GB"},{"@type":"Organization","@id":"https:\/\/arredo2001.com\/#organization","name":"arredo2001.com","url":"https:\/\/arredo2001.com\/","logo":{"@type":"ImageObject","inLanguage":"en-GB","@id":"https:\/\/arredo2001.com\/#\/schema\/logo\/image\/","url":"https:\/\/arredo2001.com\/wp-content\/uploads\/2024\/08\/A01-Logotipo.png","contentUrl":"https:\/\/arredo2001.com\/wp-content\/uploads\/2024\/08\/A01-Logotipo.png","width":138,"height":57,"caption":"arredo2001.com"},"image":{"@id":"https:\/\/arredo2001.com\/#\/schema\/logo\/image\/"}}]}},"uagb_featured_image_src":{"full":false,"thumbnail":false,"medium":false,"medium_large":false,"large":false,"1536x1536":false,"2048x2048":false,"trp-custom-language-flag":false,"rodest_core_image_size_square":false,"rodest_core_image_size_landscape":false,"rodest_core_image_size_portrait":false,"rodest_core_image_size_huge-square":false,"woocommerce_thumbnail":false,"woocommerce_single":false,"woocommerce_gallery_thumbnail":false,"qi_blocks_image_size_square":false,"qi_blocks_image_size_landscape":false,"qi_blocks_image_size_portrait":false,"qi_blocks_image_size_huge_square":false},"uagb_author_info":{"display_name":"Gina-Admin","author_link":"https:\/\/arredo2001.com\/en\/author\/gina-admin\/"},"uagb_comment_info":0,"uagb_excerpt":"Preguntas Frecuentes Consulta aqu\u00ed las preguntas frecuentes de los clientes. \u00bfC\u00d3MO PUEDO COMPRAR? Es tan f\u00e1cil como ir agregando los productos que desees a tu cesta de la compra. En el momento de formalizar tu pedido solamente tienes que seguir los pasos de la web. Puedes realizar el pago con tarjeta de cr\u00e9dito, transferencia bancaria,&hellip;","_links":{"self":[{"href":"https:\/\/arredo2001.com\/en\/wp-json\/wp\/v2\/pages\/1569"}],"collection":[{"href":"https:\/\/arredo2001.com\/en\/wp-json\/wp\/v2\/pages"}],"about":[{"href":"https:\/\/arredo2001.com\/en\/wp-json\/wp\/v2\/types\/page"}],"author":[{"embeddable":true,"href":"https:\/\/arredo2001.com\/en\/wp-json\/wp\/v2\/users\/1"}],"replies":[{"embeddable":true,"href":"https:\/\/arredo2001.com\/en\/wp-json\/wp\/v2\/comments?post=1569"}],"version-history":[{"count":22,"href":"https:\/\/arredo2001.com\/en\/wp-json\/wp\/v2\/pages\/1569\/revisions"}],"predecessor-version":[{"id":9386,"href":"https:\/\/arredo2001.com\/en\/wp-json\/wp\/v2\/pages\/1569\/revisions\/9386"}],"wp:attachment":[{"href":"https:\/\/arredo2001.com\/en\/wp-json\/wp\/v2\/media?parent=1569"}],"curies":[{"name":"wp","href":"https:\/\/api.w.org\/{rel}","templated":true}]}}