{"id":2588,"date":"2023-03-03T08:49:52","date_gmt":"2023-03-03T08:49:52","guid":{"rendered":"https:\/\/rodest.qodeinteractive.com\/?page_id=2588"},"modified":"2025-03-19T01:55:47","modified_gmt":"2025-03-19T01:55:47","slug":"contacto","status":"publish","type":"page","link":"https:\/\/arredo2001.com\/en\/contacto\/","title":{"rendered":"Contact"},"content":{"rendered":"<div data-elementor-type=\"wp-page\" data-elementor-id=\"2588\" class=\"elementor elementor-2588\">\n\t\t\t\t\t\t<section class=\"elementor-section elementor-top-section elementor-element elementor-element-981b95c elementor-section-full_width elementor-section-height-default elementor-section-height-default wpr-particle-no wpr-jarallax-no wpr-parallax-no wpr-sticky-section-no\" data-id=\"981b95c\" data-element_type=\"section\">\n\t\t\t\t\t\t<div class=\"elementor-container elementor-column-gap-default\">\n\t\t\t\t\t<div class=\"elementor-column elementor-col-100 elementor-top-column elementor-element elementor-element-0eb8da1\" data-id=\"0eb8da1\" data-element_type=\"column\">\n\t\t\t<div class=\"elementor-widget-wrap elementor-element-populated\">\n\t\t\t\t\t\t<section class=\"elementor-section elementor-inner-section elementor-element elementor-element-4e64bb9 elementor-section-full_width elementor-section-height-default elementor-section-height-default wpr-particle-no wpr-jarallax-no wpr-parallax-no wpr-sticky-section-no\" data-id=\"4e64bb9\" data-element_type=\"section\">\n\t\t\t\t\t\t<div class=\"elementor-container elementor-column-gap-default\">\n\t\t\t\t\t<div class=\"elementor-column elementor-col-50 elementor-inner-column elementor-element elementor-element-60efaaf\" data-id=\"60efaaf\" data-element_type=\"column\">\n\t\t\t<div class=\"elementor-widget-wrap elementor-element-populated\">\n\t\t\t\t\t\t<div class=\"elementor-element elementor-element-ba415f1 elementor-widget elementor-widget-rodest_core_single_image\" data-id=\"ba415f1\" data-element_type=\"widget\" data-widget_type=\"rodest_core_single_image.default\">\n\t\t\t\t<div class=\"elementor-widget-container\">\n\t\t\t\t\t<div class=\"qodef-shortcode qodef-m  qodef-single-image qodef-layout--default\">\n\t\t\t<div class=\"qodef-m-image\">\n\t\t\t\t\t\t\t\t<img fetchpriority=\"high\" decoding=\"async\" width=\"1148\" height=\"1196\" src=\"https:\/\/arredo2001.com\/wp-content\/uploads\/2024\/08\/contacto-1-1.png\" class=\"attachment-full size-full\" alt=\"mesa de dise\u00f1o blanca\" srcset=\"https:\/\/arredo2001.com\/wp-content\/uploads\/2024\/08\/contacto-1-1.png 1148w, https:\/\/arredo2001.com\/wp-content\/uploads\/2024\/08\/contacto-1-1-600x625.png 600w, https:\/\/arredo2001.com\/wp-content\/uploads\/2024\/08\/contacto-1-1-288x300.png 288w, https:\/\/arredo2001.com\/wp-content\/uploads\/2024\/08\/contacto-1-1-983x1024.png 983w, https:\/\/arredo2001.com\/wp-content\/uploads\/2024\/08\/contacto-1-1-768x800.png 768w\" sizes=\"(max-width: 1148px) 100vw, 1148px\" \/>\t\t\t\t\t\t\t<\/div>\n\t<\/div>\n\t\t\t\t<\/div>\n\t\t\t\t<\/div>\n\t\t\t\t\t<\/div>\n\t\t<\/div>\n\t\t\t\t<div class=\"elementor-column elementor-col-50 elementor-inner-column elementor-element elementor-element-7bd1b22\" data-id=\"7bd1b22\" data-element_type=\"column\">\n\t\t\t<div class=\"elementor-widget-wrap elementor-element-populated\">\n\t\t\t\t\t\t<div class=\"elementor-element elementor-element-e5e5b57 elementor-widget elementor-widget-rodest_core_section_title\" data-id=\"e5e5b57\" data-element_type=\"widget\" data-widget_type=\"rodest_core_section_title.default\">\n\t\t\t\t<div class=\"elementor-widget-container\">\n\t\t\t\t\t<div class=\"qodef-shortcode qodef-m  qodef-section-title qodef-alignment--left\">\n\t\t<h1 class=\"qodef-m-title\" >\n\t\t            Contacta con A01<br>Let\u2019s <span class=\"qodef-highlight-text\" >talk!\t\t\t<\/h1>\n\t\t<p class=\"qodef-m-text\" >Need help? Contact us by filling out the following form or by sending an email to info@arredo2001.com. <\/p>\n    <\/div>\n\t\t\t\t<\/div>\n\t\t\t\t<\/div>\n\t\t\t\t<div class=\"elementor-element elementor-element-f57ec40 elementor-widget elementor-widget-shortcode\" data-id=\"f57ec40\" data-element_type=\"widget\" data-widget_type=\"shortcode.default\">\n\t\t\t\t<div class=\"elementor-widget-container\">\n\t\t\t\t\t\t\t<div class=\"elementor-shortcode\">\n<div class=\"wpcf7 no-js\" id=\"wpcf7-f6952-o1\" lang=\"en-US\" dir=\"ltr\">\n<div class=\"screen-reader-response\"><p role=\"status\" aria-live=\"polite\" aria-atomic=\"true\"><\/p> <ul><\/ul><\/div>\n<form action=\"\/en\/wp-json\/wp\/v2\/pages\/2588#wpcf7-f6952-o1\" method=\"post\" class=\"wpcf7-form init\" aria-label=\"Contact form\" novalidate=\"novalidate\" data-status=\"init\" data-trp-original-action=\"\/en\/wp-json\/wp\/v2\/pages\/2588#wpcf7-f6952-o1\">\n<div style=\"display: none;\">\n<input type=\"hidden\" name=\"_wpcf7\" value=\"6952\" \/>\n<input type=\"hidden\" name=\"_wpcf7_version\" value=\"5.9.7\" \/>\n<input type=\"hidden\" name=\"_wpcf7_locale\" value=\"en_US\" \/>\n<input type=\"hidden\" name=\"_wpcf7_unit_tag\" value=\"wpcf7-f6952-o1\" \/>\n<input type=\"hidden\" name=\"_wpcf7_container_post\" value=\"0\" \/>\n<input type=\"hidden\" name=\"_wpcf7_posted_data_hash\" value=\"\" \/>\n<\/div>\n<div class=\"elementor-container elementor-column-gap-default\">\n<label class=\"elementor-column elementor-col-50\">\n    <span class=\"wpcf7-form-control-wrap\" data-name=\"your-name\"><input size=\"40\" maxlength=\"400\" class=\"wpcf7-form-control wpcf7-text wpcf7-validates-as-required\" autocomplete=\"name\" aria-required=\"true\" aria-invalid=\"false\" value=\"Nombre\" type=\"text\" name=\"your-name\" \/><\/span> <\/label>\n\n<label class=\"elementor-column elementor-col-50\">    <span class=\"wpcf7-form-control-wrap\" data-name=\"your-email\"><input size=\"40\" maxlength=\"400\" class=\"wpcf7-form-control wpcf7-email wpcf7-validates-as-required wpcf7-text wpcf7-validates-as-email\" autocomplete=\"email\" aria-required=\"true\" aria-invalid=\"false\" value=\"Email\" type=\"email\" name=\"your-email\" \/><\/span> <\/label>\n<\/div>\n\n<label> \n    <span class=\"wpcf7-form-control-wrap\" data-name=\"your-message\"><textarea cols=\"40\" rows=\"10\" maxlength=\"2000\" class=\"wpcf7-form-control wpcf7-textarea\" aria-invalid=\"false\" name=\"your-message\">Escribe tu mensaje...<\/textarea><\/span> <\/label>\n\n<button class=\"wpcf7-form-control wpcf7-submit qodef-button qodef-size--normal qodef-layout--filled qodef-m\" type=\"submit\"><span class=\"qodef-m-text\">SEND<\/span><span class=\"qodef-btn-arrow\"><svg class=\"qodef-svg--button-arrow\" xmlns=\"http:\/\/www.w3.org\/2000\/svg\" width=\"12.6\" height=\"12.6\" viewbox=\"0 0 12.6 12.6\"><g><path d=\"m6.7.7 5.5 5.6M12.1 6.3l-5.5 5.4M12.1 6.3H.5\"\/><\/g><\/svg><\/span><\/button><div class=\"wpcf7-response-output\" aria-hidden=\"true\"><\/div>\n<input type=\"hidden\" name=\"trp-form-language\" value=\"en\"\/><\/form>\n<\/div>\n<\/div>\n\t\t\t\t\t\t<\/div>\n\t\t\t\t<\/div>\n\t\t\t\t\t<\/div>\n\t\t<\/div>\n\t\t\t\t\t<\/div>\n\t\t<\/section>\n\t\t\t\t\t<\/div>\n\t\t<\/div>\n\t\t\t\t\t<\/div>\n\t\t<\/section>\n\t\t\t\t<\/div>","protected":false},"excerpt":{"rendered":"<p>Contacta con A01Let\u2019s talk! \u00bfNecesitas asesoramiento? Ponte en contacto con nosotros rellenando el siguiente formulario o enviando un email a info@arredo2001.com<\/p>","protected":false},"author":1,"featured_media":0,"parent":0,"menu_order":0,"comment_status":"closed","ping_status":"closed","template":"page-full-width.php","meta":{"_uag_custom_page_level_css":"","footnotes":""},"yoast_head":"<!-- This site is optimized with the Yoast SEO plugin v24.4 - https:\/\/yoast.com\/wordpress\/plugins\/seo\/ -->\n<title>Contacto tienda muebles de dise\u00f1o | A01. - Arredo 2001 |<\/title>\n<meta name=\"description\" content=\"P\u00f3ngase en contacto con A01. Arredo 2001 para consultas sobre nuestros exclusivos productos de mobiliario y decoraci\u00f3n de dise\u00f1o de alta gama.\" \/>\n<meta name=\"robots\" content=\"index, follow, max-snippet:-1, max-image-preview:large, max-video-preview:-1\" \/>\n<link rel=\"canonical\" href=\"https:\/\/arredo2001.com\/en\/contacto\/\" \/>\n<meta property=\"og:locale\" content=\"en_GB\" \/>\n<meta property=\"og:type\" content=\"article\" \/>\n<meta property=\"og:title\" content=\"Contacto tienda muebles de dise\u00f1o | A01. - Arredo 2001 |\" \/>\n<meta property=\"og:description\" content=\"P\u00f3ngase en contacto con A01. Arredo 2001 para consultas sobre nuestros exclusivos productos de mobiliario y decoraci\u00f3n de dise\u00f1o de alta gama.\" \/>\n<meta property=\"og:url\" content=\"https:\/\/arredo2001.com\/en\/contacto\/\" \/>\n<meta property=\"og:site_name\" content=\"arredo2001.com\" \/>\n<meta property=\"article:modified_time\" content=\"2025-03-19T01:55:47+00:00\" \/>\n<meta property=\"og:image\" content=\"https:\/\/arredo2001.com\/wp-content\/uploads\/2024\/08\/contacto-1-1.png\" \/>\n<meta name=\"twitter:card\" content=\"summary_large_image\" \/>\n<meta name=\"twitter:label1\" content=\"Estimated reading time\" \/>\n\t<meta name=\"twitter:data1\" content=\"1 minute\" \/>\n<script type=\"application\/ld+json\" class=\"yoast-schema-graph\">{\"@context\":\"https:\/\/schema.org\",\"@graph\":[{\"@type\":\"WebPage\",\"@id\":\"https:\/\/arredo2001.com\/contacto\/\",\"url\":\"https:\/\/arredo2001.com\/contacto\/\",\"name\":\"Contacto tienda muebles de dise\u00f1o | A01. - Arredo 2001 |\",\"isPartOf\":{\"@id\":\"https:\/\/arredo2001.com\/#website\"},\"primaryImageOfPage\":{\"@id\":\"https:\/\/arredo2001.com\/contacto\/#primaryimage\"},\"image\":{\"@id\":\"https:\/\/arredo2001.com\/contacto\/#primaryimage\"},\"thumbnailUrl\":\"https:\/\/arredo2001.com\/wp-content\/uploads\/2024\/08\/contacto-1-1.png\",\"datePublished\":\"2023-03-03T08:49:52+00:00\",\"dateModified\":\"2025-03-19T01:55:47+00:00\",\"description\":\"P\u00f3ngase en contacto con A01. Arredo 2001 para consultas sobre nuestros exclusivos productos de mobiliario y decoraci\u00f3n de dise\u00f1o de alta gama.\",\"breadcrumb\":{\"@id\":\"https:\/\/arredo2001.com\/contacto\/#breadcrumb\"},\"inLanguage\":\"en-GB\",\"potentialAction\":[{\"@type\":\"ReadAction\",\"target\":[\"https:\/\/arredo2001.com\/contacto\/\"]}]},{\"@type\":\"ImageObject\",\"inLanguage\":\"en-GB\",\"@id\":\"https:\/\/arredo2001.com\/contacto\/#primaryimage\",\"url\":\"https:\/\/arredo2001.com\/wp-content\/uploads\/2024\/08\/contacto-1-1.png\",\"contentUrl\":\"https:\/\/arredo2001.com\/wp-content\/uploads\/2024\/08\/contacto-1-1.png\"},{\"@type\":\"BreadcrumbList\",\"@id\":\"https:\/\/arredo2001.com\/contacto\/#breadcrumb\",\"itemListElement\":[{\"@type\":\"ListItem\",\"position\":1,\"name\":\"Portada\",\"item\":\"https:\/\/arredo2001.com\/\"},{\"@type\":\"ListItem\",\"position\":2,\"name\":\"Contacto\"}]},{\"@type\":\"WebSite\",\"@id\":\"https:\/\/arredo2001.com\/#website\",\"url\":\"https:\/\/arredo2001.com\/\",\"name\":\"arredo2001.com\",\"description\":\"\",\"publisher\":{\"@id\":\"https:\/\/arredo2001.com\/#organization\"},\"potentialAction\":[{\"@type\":\"SearchAction\",\"target\":{\"@type\":\"EntryPoint\",\"urlTemplate\":\"https:\/\/arredo2001.com\/?s={search_term_string}\"},\"query-input\":{\"@type\":\"PropertyValueSpecification\",\"valueRequired\":true,\"valueName\":\"search_term_string\"}}],\"inLanguage\":\"en-GB\"},{\"@type\":\"Organization\",\"@id\":\"https:\/\/arredo2001.com\/#organization\",\"name\":\"arredo2001.com\",\"url\":\"https:\/\/arredo2001.com\/\",\"logo\":{\"@type\":\"ImageObject\",\"inLanguage\":\"en-GB\",\"@id\":\"https:\/\/arredo2001.com\/#\/schema\/logo\/image\/\",\"url\":\"https:\/\/arredo2001.com\/wp-content\/uploads\/2024\/08\/A01-Logotipo.png\",\"contentUrl\":\"https:\/\/arredo2001.com\/wp-content\/uploads\/2024\/08\/A01-Logotipo.png\",\"width\":138,\"height\":57,\"caption\":\"arredo2001.com\"},\"image\":{\"@id\":\"https:\/\/arredo2001.com\/#\/schema\/logo\/image\/\"}}]}<\/script>\n<!-- \/ Yoast SEO plugin. -->","yoast_head_json":{"title":"Contacto tienda muebles de dise\u00f1o | A01. - Arredo 2001 |","description":"P\u00f3ngase en contacto con A01. Arredo 2001 para consultas sobre nuestros exclusivos productos de mobiliario y decoraci\u00f3n de dise\u00f1o de alta gama.","robots":{"index":"index","follow":"follow","max-snippet":"max-snippet:-1","max-image-preview":"max-image-preview:large","max-video-preview":"max-video-preview:-1"},"canonical":"https:\/\/arredo2001.com\/en\/contacto\/","og_locale":"en_GB","og_type":"article","og_title":"Contacto tienda muebles de dise\u00f1o | A01. - Arredo 2001 |","og_description":"P\u00f3ngase en contacto con A01. Arredo 2001 para consultas sobre nuestros exclusivos productos de mobiliario y decoraci\u00f3n de dise\u00f1o de alta gama.","og_url":"https:\/\/arredo2001.com\/en\/contacto\/","og_site_name":"arredo2001.com","article_modified_time":"2025-03-19T01:55:47+00:00","og_image":[{"url":"https:\/\/arredo2001.com\/wp-content\/uploads\/2024\/08\/contacto-1-1.png","type":"","width":"","height":""}],"twitter_card":"summary_large_image","twitter_misc":{"Estimated reading time":"1 minute"},"schema":{"@context":"https:\/\/schema.org","@graph":[{"@type":"WebPage","@id":"https:\/\/arredo2001.com\/contacto\/","url":"https:\/\/arredo2001.com\/contacto\/","name":"Contacto tienda muebles de dise\u00f1o | A01. - Arredo 2001 |","isPartOf":{"@id":"https:\/\/arredo2001.com\/#website"},"primaryImageOfPage":{"@id":"https:\/\/arredo2001.com\/contacto\/#primaryimage"},"image":{"@id":"https:\/\/arredo2001.com\/contacto\/#primaryimage"},"thumbnailUrl":"https:\/\/arredo2001.com\/wp-content\/uploads\/2024\/08\/contacto-1-1.png","datePublished":"2023-03-03T08:49:52+00:00","dateModified":"2025-03-19T01:55:47+00:00","description":"P\u00f3ngase en contacto con A01. Arredo 2001 para consultas sobre nuestros exclusivos productos de mobiliario y decoraci\u00f3n de dise\u00f1o de alta gama.","breadcrumb":{"@id":"https:\/\/arredo2001.com\/contacto\/#breadcrumb"},"inLanguage":"en-GB","potentialAction":[{"@type":"ReadAction","target":["https:\/\/arredo2001.com\/contacto\/"]}]},{"@type":"ImageObject","inLanguage":"en-GB","@id":"https:\/\/arredo2001.com\/contacto\/#primaryimage","url":"https:\/\/arredo2001.com\/wp-content\/uploads\/2024\/08\/contacto-1-1.png","contentUrl":"https:\/\/arredo2001.com\/wp-content\/uploads\/2024\/08\/contacto-1-1.png"},{"@type":"BreadcrumbList","@id":"https:\/\/arredo2001.com\/contacto\/#breadcrumb","itemListElement":[{"@type":"ListItem","position":1,"name":"Portada","item":"https:\/\/arredo2001.com\/"},{"@type":"ListItem","position":2,"name":"Contacto"}]},{"@type":"WebSite","@id":"https:\/\/arredo2001.com\/#website","url":"https:\/\/arredo2001.com\/","name":"arredo2001.com","description":"","publisher":{"@id":"https:\/\/arredo2001.com\/#organization"},"potentialAction":[{"@type":"SearchAction","target":{"@type":"EntryPoint","urlTemplate":"https:\/\/arredo2001.com\/?s={search_term_string}"},"query-input":{"@type":"PropertyValueSpecification","valueRequired":true,"valueName":"search_term_string"}}],"inLanguage":"en-GB"},{"@type":"Organization","@id":"https:\/\/arredo2001.com\/#organization","name":"arredo2001.com","url":"https:\/\/arredo2001.com\/","logo":{"@type":"ImageObject","inLanguage":"en-GB","@id":"https:\/\/arredo2001.com\/#\/schema\/logo\/image\/","url":"https:\/\/arredo2001.com\/wp-content\/uploads\/2024\/08\/A01-Logotipo.png","contentUrl":"https:\/\/arredo2001.com\/wp-content\/uploads\/2024\/08\/A01-Logotipo.png","width":138,"height":57,"caption":"arredo2001.com"},"image":{"@id":"https:\/\/arredo2001.com\/#\/schema\/logo\/image\/"}}]}},"uagb_featured_image_src":{"full":false,"thumbnail":false,"medium":false,"medium_large":false,"large":false,"1536x1536":false,"2048x2048":false,"trp-custom-language-flag":false,"rodest_core_image_size_square":false,"rodest_core_image_size_landscape":false,"rodest_core_image_size_portrait":false,"rodest_core_image_size_huge-square":false,"woocommerce_thumbnail":false,"woocommerce_single":false,"woocommerce_gallery_thumbnail":false,"qi_blocks_image_size_square":false,"qi_blocks_image_size_landscape":false,"qi_blocks_image_size_portrait":false,"qi_blocks_image_size_huge_square":false},"uagb_author_info":{"display_name":"Gina-Admin","author_link":"https:\/\/arredo2001.com\/en\/author\/gina-admin\/"},"uagb_comment_info":0,"uagb_excerpt":"Contacta con A01Let\u2019s talk! \u00bfNecesitas asesoramiento? Ponte en contacto con nosotros rellenando el siguiente formulario o enviando un email a info@arredo2001.com","_links":{"self":[{"href":"https:\/\/arredo2001.com\/en\/wp-json\/wp\/v2\/pages\/2588"}],"collection":[{"href":"https:\/\/arredo2001.com\/en\/wp-json\/wp\/v2\/pages"}],"about":[{"href":"https:\/\/arredo2001.com\/en\/wp-json\/wp\/v2\/types\/page"}],"author":[{"embeddable":true,"href":"https:\/\/arredo2001.com\/en\/wp-json\/wp\/v2\/users\/1"}],"replies":[{"embeddable":true,"href":"https:\/\/arredo2001.com\/en\/wp-json\/wp\/v2\/comments?post=2588"}],"version-history":[{"count":27,"href":"https:\/\/arredo2001.com\/en\/wp-json\/wp\/v2\/pages\/2588\/revisions"}],"predecessor-version":[{"id":11079,"href":"https:\/\/arredo2001.com\/en\/wp-json\/wp\/v2\/pages\/2588\/revisions\/11079"}],"wp:attachment":[{"href":"https:\/\/arredo2001.com\/en\/wp-json\/wp\/v2\/media?parent=2588"}],"curies":[{"name":"wp","href":"https:\/\/api.w.org\/{rel}","templated":true}]}}