{"id":6,"date":"2024-07-29T10:31:53","date_gmt":"2024-07-29T10:31:53","guid":{"rendered":"https:\/\/arredo2001.com\/?page_id=6"},"modified":"2024-09-09T17:26:11","modified_gmt":"2024-09-09T17:26:11","slug":"catalogo","status":"publish","type":"page","link":"https:\/\/arredo2001.com\/en\/catalogo\/","title":{"rendered":"Catalogue"},"content":{"rendered":"","protected":false},"excerpt":{"rendered":"","protected":false},"author":1,"featured_media":0,"parent":0,"menu_order":0,"comment_status":"closed","ping_status":"closed","template":"","meta":{"_uag_custom_page_level_css":"","footnotes":""},"yoast_head":"<!-- This site is optimized with the Yoast SEO plugin v24.4 - https:\/\/yoast.com\/wordpress\/plugins\/seo\/ -->\n<title>Cat\u00e1logo de Mobiliario, Iluminaci\u00f3n y Decoraci\u00f3n de Dise\u00f1o | A01. - Arredo 2001 |<\/title>\n<meta name=\"description\" content=\"Explore nuestro cat\u00e1logo de muebles, iluminaci\u00f3n y objetos decorativos de dise\u00f1o exclusivo e ic\u00f3nico para ambientes elegantes y contempor\u00e1neos.\" \/>\n<meta name=\"robots\" content=\"index, follow, max-snippet:-1, max-image-preview:large, max-video-preview:-1\" \/>\n<link rel=\"canonical\" href=\"https:\/\/arredo2001.com\/en\/catalogo\/\" \/>\n<meta property=\"og:locale\" content=\"en_GB\" \/>\n<meta property=\"og:type\" content=\"article\" \/>\n<meta property=\"og:title\" content=\"Cat\u00e1logo de Mobiliario, Iluminaci\u00f3n y Decoraci\u00f3n de Dise\u00f1o | A01. - Arredo 2001 |\" \/>\n<meta property=\"og:description\" content=\"Explore nuestro cat\u00e1logo de muebles, iluminaci\u00f3n y objetos decorativos de dise\u00f1o exclusivo e ic\u00f3nico para ambientes elegantes y contempor\u00e1neos.\" \/>\n<meta property=\"og:url\" content=\"https:\/\/arredo2001.com\/en\/catalogo\/\" \/>\n<meta property=\"og:site_name\" content=\"arredo2001.com\" \/>\n<meta property=\"article:modified_time\" content=\"2024-09-09T17:26:11+00:00\" \/>\n<meta name=\"twitter:card\" content=\"summary_large_image\" \/>\n<script type=\"application\/ld+json\" class=\"yoast-schema-graph\">{\"@context\":\"https:\/\/schema.org\",\"@graph\":[{\"@type\":\"WebPage\",\"@id\":\"https:\/\/arredo2001.com\/catalogo\/\",\"url\":\"https:\/\/arredo2001.com\/catalogo\/\",\"name\":\"Cat\u00e1logo de Mobiliario, Iluminaci\u00f3n y Decoraci\u00f3n de Dise\u00f1o | A01. - Arredo 2001 |\",\"isPartOf\":{\"@id\":\"https:\/\/arredo2001.com\/#website\"},\"datePublished\":\"2024-07-29T10:31:53+00:00\",\"dateModified\":\"2024-09-09T17:26:11+00:00\",\"description\":\"Explore nuestro cat\u00e1logo de muebles, iluminaci\u00f3n y objetos decorativos de dise\u00f1o exclusivo e ic\u00f3nico para ambientes elegantes y contempor\u00e1neos.\",\"breadcrumb\":{\"@id\":\"https:\/\/arredo2001.com\/catalogo\/#breadcrumb\"},\"inLanguage\":\"en-GB\",\"potentialAction\":[{\"@type\":\"ReadAction\",\"target\":[\"https:\/\/arredo2001.com\/catalogo\/\"]}]},{\"@type\":\"BreadcrumbList\",\"@id\":\"https:\/\/arredo2001.com\/catalogo\/#breadcrumb\",\"itemListElement\":[{\"@type\":\"ListItem\",\"position\":1,\"name\":\"Portada\",\"item\":\"https:\/\/arredo2001.com\/\"},{\"@type\":\"ListItem\",\"position\":2,\"name\":\"Cat\u00e1logo\"}]},{\"@type\":\"WebSite\",\"@id\":\"https:\/\/arredo2001.com\/#website\",\"url\":\"https:\/\/arredo2001.com\/\",\"name\":\"arredo2001.com\",\"description\":\"\",\"publisher\":{\"@id\":\"https:\/\/arredo2001.com\/#organization\"},\"potentialAction\":[{\"@type\":\"SearchAction\",\"target\":{\"@type\":\"EntryPoint\",\"urlTemplate\":\"https:\/\/arredo2001.com\/?s={search_term_string}\"},\"query-input\":{\"@type\":\"PropertyValueSpecification\",\"valueRequired\":true,\"valueName\":\"search_term_string\"}}],\"inLanguage\":\"en-GB\"},{\"@type\":\"Organization\",\"@id\":\"https:\/\/arredo2001.com\/#organization\",\"name\":\"arredo2001.com\",\"url\":\"https:\/\/arredo2001.com\/\",\"logo\":{\"@type\":\"ImageObject\",\"inLanguage\":\"en-GB\",\"@id\":\"https:\/\/arredo2001.com\/#\/schema\/logo\/image\/\",\"url\":\"https:\/\/arredo2001.com\/wp-content\/uploads\/2024\/08\/A01-Logotipo.png\",\"contentUrl\":\"https:\/\/arredo2001.com\/wp-content\/uploads\/2024\/08\/A01-Logotipo.png\",\"width\":138,\"height\":57,\"caption\":\"arredo2001.com\"},\"image\":{\"@id\":\"https:\/\/arredo2001.com\/#\/schema\/logo\/image\/\"}}]}<\/script>\n<!-- \/ Yoast SEO plugin. -->","yoast_head_json":{"title":"Cat\u00e1logo de Mobiliario, Iluminaci\u00f3n y Decoraci\u00f3n de Dise\u00f1o | A01. - Arredo 2001 |","description":"Explore nuestro cat\u00e1logo de muebles, iluminaci\u00f3n y objetos decorativos de dise\u00f1o exclusivo e ic\u00f3nico para ambientes elegantes y contempor\u00e1neos.","robots":{"index":"index","follow":"follow","max-snippet":"max-snippet:-1","max-image-preview":"max-image-preview:large","max-video-preview":"max-video-preview:-1"},"canonical":"https:\/\/arredo2001.com\/en\/catalogo\/","og_locale":"en_GB","og_type":"article","og_title":"Cat\u00e1logo de Mobiliario, Iluminaci\u00f3n y Decoraci\u00f3n de Dise\u00f1o | A01. - Arredo 2001 |","og_description":"Explore nuestro cat\u00e1logo de muebles, iluminaci\u00f3n y objetos decorativos de dise\u00f1o exclusivo e ic\u00f3nico para ambientes elegantes y contempor\u00e1neos.","og_url":"https:\/\/arredo2001.com\/en\/catalogo\/","og_site_name":"arredo2001.com","article_modified_time":"2024-09-09T17:26:11+00:00","twitter_card":"summary_large_image","schema":{"@context":"https:\/\/schema.org","@graph":[{"@type":"WebPage","@id":"https:\/\/arredo2001.com\/catalogo\/","url":"https:\/\/arredo2001.com\/catalogo\/","name":"Cat\u00e1logo de Mobiliario, Iluminaci\u00f3n y Decoraci\u00f3n de Dise\u00f1o | A01. - Arredo 2001 |","isPartOf":{"@id":"https:\/\/arredo2001.com\/#website"},"datePublished":"2024-07-29T10:31:53+00:00","dateModified":"2024-09-09T17:26:11+00:00","description":"Explore nuestro cat\u00e1logo de muebles, iluminaci\u00f3n y objetos decorativos de dise\u00f1o exclusivo e ic\u00f3nico para ambientes elegantes y contempor\u00e1neos.","breadcrumb":{"@id":"https:\/\/arredo2001.com\/catalogo\/#breadcrumb"},"inLanguage":"en-GB","potentialAction":[{"@type":"ReadAction","target":["https:\/\/arredo2001.com\/catalogo\/"]}]},{"@type":"BreadcrumbList","@id":"https:\/\/arredo2001.com\/catalogo\/#breadcrumb","itemListElement":[{"@type":"ListItem","position":1,"name":"Portada","item":"https:\/\/arredo2001.com\/"},{"@type":"ListItem","position":2,"name":"Cat\u00e1logo"}]},{"@type":"WebSite","@id":"https:\/\/arredo2001.com\/#website","url":"https:\/\/arredo2001.com\/","name":"arredo2001.com","description":"","publisher":{"@id":"https:\/\/arredo2001.com\/#organization"},"potentialAction":[{"@type":"SearchAction","target":{"@type":"EntryPoint","urlTemplate":"https:\/\/arredo2001.com\/?s={search_term_string}"},"query-input":{"@type":"PropertyValueSpecification","valueRequired":true,"valueName":"search_term_string"}}],"inLanguage":"en-GB"},{"@type":"Organization","@id":"https:\/\/arredo2001.com\/#organization","name":"arredo2001.com","url":"https:\/\/arredo2001.com\/","logo":{"@type":"ImageObject","inLanguage":"en-GB","@id":"https:\/\/arredo2001.com\/#\/schema\/logo\/image\/","url":"https:\/\/arredo2001.com\/wp-content\/uploads\/2024\/08\/A01-Logotipo.png","contentUrl":"https:\/\/arredo2001.com\/wp-content\/uploads\/2024\/08\/A01-Logotipo.png","width":138,"height":57,"caption":"arredo2001.com"},"image":{"@id":"https:\/\/arredo2001.com\/#\/schema\/logo\/image\/"}}]}},"uagb_featured_image_src":{"full":false,"thumbnail":false,"medium":false,"medium_large":false,"large":false,"1536x1536":false,"2048x2048":false,"trp-custom-language-flag":false,"rodest_core_image_size_square":false,"rodest_core_image_size_landscape":false,"rodest_core_image_size_portrait":false,"rodest_core_image_size_huge-square":false,"woocommerce_thumbnail":false,"woocommerce_single":false,"woocommerce_gallery_thumbnail":false,"qi_blocks_image_size_square":false,"qi_blocks_image_size_landscape":false,"qi_blocks_image_size_portrait":false,"qi_blocks_image_size_huge_square":false},"uagb_author_info":{"display_name":"Gina-Admin","author_link":"https:\/\/arredo2001.com\/en\/author\/gina-admin\/"},"uagb_comment_info":0,"uagb_excerpt":null,"_links":{"self":[{"href":"https:\/\/arredo2001.com\/en\/wp-json\/wp\/v2\/pages\/6"}],"collection":[{"href":"https:\/\/arredo2001.com\/en\/wp-json\/wp\/v2\/pages"}],"about":[{"href":"https:\/\/arredo2001.com\/en\/wp-json\/wp\/v2\/types\/page"}],"author":[{"embeddable":true,"href":"https:\/\/arredo2001.com\/en\/wp-json\/wp\/v2\/users\/1"}],"replies":[{"embeddable":true,"href":"https:\/\/arredo2001.com\/en\/wp-json\/wp\/v2\/comments?post=6"}],"version-history":[{"count":3,"href":"https:\/\/arredo2001.com\/en\/wp-json\/wp\/v2\/pages\/6\/revisions"}],"predecessor-version":[{"id":11175,"href":"https:\/\/arredo2001.com\/en\/wp-json\/wp\/v2\/pages\/6\/revisions\/11175"}],"wp:attachment":[{"href":"https:\/\/arredo2001.com\/en\/wp-json\/wp\/v2\/media?parent=6"}],"curies":[{"name":"wp","href":"https:\/\/api.w.org\/{rel}","templated":true}]}}