{"id":10030,"date":"2024-12-10T21:04:26","date_gmt":"2024-12-10T21:04:26","guid":{"rendered":"https:\/\/arredo2001.com\/?post_type=product&#038;p=10030"},"modified":"2025-02-08T12:46:31","modified_gmt":"2025-02-08T12:46:31","slug":"small-transparent-speaker-b","status":"publish","type":"product","link":"https:\/\/arredo2001.com\/en\/product\/small-transparent-speaker-b\/","title":{"rendered":"Small Transparent Speaker B"},"content":{"rendered":"<p><strong>The Small Transparent Speaker<\/strong>: un dispositivo compacto pero potente que ofrece una calidad de sonido excepcional gracias a su exclusiva tecnolog\u00eda de sonido Transparente. Este elegante y moderno altavoz, fabricado con vidrio templado y aluminio, es la incorporaci\u00f3n perfecta para la colecci\u00f3n de cualquier amante de la m\u00fasica. Dise\u00f1ado para ser tanto un objeto decorativo como una pieza tecnol\u00f3gica de gran calidad sonora, incluye Bluetooth 5.0 y est\u00e1 preparado para adaptarse a cualquier tecnolog\u00eda \u00fatil en los pr\u00f3ximos a\u00f1os.<\/p>\n<p>&nbsp;<\/p>\n<p><strong>CONECTIVIDAD:<\/strong><\/p>\n<ul>\n<li>Todos los altavoces tienen conexi\u00f3n Bluetooth 5.0.<\/li>\n<li>Conecta dos altavoces con True Wireless y reproduce ambos simult\u00e1neamente.<\/li>\n<li>M\u00f3dulo wifi se compra por separado.<\/li>\n<\/ul>\n<p><strong>DISE\u00d1O:<\/strong><\/p>\n<ul>\n<li>Dimensiones: 268 x 203 x 95 mm \/ 10,5 x 8 x 3,7 in<\/li>\n<li>Peso: 3,3 kg \/ 6,5 lbs<\/li>\n<li>Materiales: Aluminio y vidrio templado<\/li>\n<li>Colores: Negro, blanco y metal<\/li>\n<\/ul>\n<p><strong>SONIDO:<\/strong><\/p>\n<ul>\n<li>Controladores L\/R: 2 \u00d7 3\u2019\u2019 (Full Range)<\/li>\n<li>Amplificador: Clase D incorporado (activo)<\/li>\n<li>Potencia de salida: 2x 15W<\/li>\n<li>Volumen del gabinete sellado: 3 l<\/li>\n<li>Respuesta de frecuencia: 60 Hz &#8211; 20 kHz \u00b13 dB en eje<\/li>\n<li>Procesamiento de se\u00f1al digital (DSP) de alta calidad<\/li>\n<li>Tama\u00f1o de habitaci\u00f3n recomendado: 1 \u00d7 Altavoz transparente peque\u00f1o \u2248 40 m\u00b2, 2 \u00d7 Altavoces transparentes peque\u00f1os \u2248 50 m\u00b2<\/li>\n<\/ul>\n<p><strong>CONTENIDO DE LA CAJA:<\/strong><\/p>\n<ul>\n<li>Guantes de algod\u00f3n<\/li>\n<li>Cables de audio largos y cortos<\/li>\n<li>Cables de alimentaci\u00f3n largos y cortos<\/li>\n<li>Enchufes de corriente AC (A, C y G)<\/li>\n<li>Manual<\/li>\n<\/ul>","protected":false},"excerpt":{"rendered":"<p>TRANSPARENT<\/p>\n<p>&nbsp;<\/p>\n<p>Color Negro<\/p>\n<p><a href=\"https:\/\/arredo2001.com\/en\/condiciones-venta\/\">\u21f1 Producto bajo pedido. Entrega en 1 semana<\/a><\/p>","protected":false},"featured_media":10041,"comment_status":"closed","ping_status":"closed","template":"","meta":{"_uag_custom_page_level_css":""},"product_cat":[338,337],"product_tag":[],"yoast_head":"<!-- This site is optimized with the Yoast SEO plugin v24.4 - https:\/\/yoast.com\/wordpress\/plugins\/seo\/ -->\n<title>Small Transparent Speaker B | arredo2001.com<\/title>\n<meta name=\"robots\" content=\"index, follow, max-snippet:-1, max-image-preview:large, max-video-preview:-1\" \/>\n<link rel=\"canonical\" href=\"https:\/\/arredo2001.com\/en\/product\/small-transparent-speaker-b\/\" \/>\n<meta property=\"og:locale\" content=\"en_GB\" \/>\n<meta property=\"og:type\" content=\"article\" \/>\n<meta property=\"og:title\" content=\"Small Transparent Speaker B | arredo2001.com\" \/>\n<meta property=\"og:description\" content=\"TRANSPARENT  &nbsp;  Color Negro  \u21f1 Producto bajo pedido. Entrega en 1 semana\" \/>\n<meta property=\"og:url\" content=\"https:\/\/arredo2001.com\/en\/product\/small-transparent-speaker-b\/\" \/>\n<meta property=\"og:site_name\" content=\"arredo2001.com\" \/>\n<meta property=\"article:modified_time\" content=\"2025-02-08T12:46:31+00:00\" \/>\n<meta property=\"og:image\" content=\"https:\/\/arredo2001.com\/wp-content\/uploads\/2024\/12\/IMG_7561-e1739018780825.jpg\" \/>\n\t<meta property=\"og:image:width\" content=\"1049\" \/>\n\t<meta property=\"og:image:height\" content=\"1312\" \/>\n\t<meta property=\"og:image:type\" content=\"image\/jpeg\" \/>\n<meta name=\"twitter:card\" content=\"summary_large_image\" \/>\n<meta name=\"twitter:label1\" content=\"Estimated reading time\" \/>\n\t<meta name=\"twitter:data1\" content=\"1 minute\" \/>\n<script type=\"application\/ld+json\" class=\"yoast-schema-graph\">{\"@context\":\"https:\/\/schema.org\",\"@graph\":[{\"@type\":\"WebPage\",\"@id\":\"https:\/\/arredo2001.com\/product\/small-transparent-speaker-b\/\",\"url\":\"https:\/\/arredo2001.com\/product\/small-transparent-speaker-b\/\",\"name\":\"Small Transparent Speaker B | arredo2001.com\",\"isPartOf\":{\"@id\":\"https:\/\/arredo2001.com\/#website\"},\"primaryImageOfPage\":{\"@id\":\"https:\/\/arredo2001.com\/product\/small-transparent-speaker-b\/#primaryimage\"},\"image\":{\"@id\":\"https:\/\/arredo2001.com\/product\/small-transparent-speaker-b\/#primaryimage\"},\"thumbnailUrl\":\"https:\/\/arredo2001.com\/wp-content\/uploads\/2024\/12\/IMG_7561-e1739018780825.jpg\",\"datePublished\":\"2024-12-10T21:04:26+00:00\",\"dateModified\":\"2025-02-08T12:46:31+00:00\",\"breadcrumb\":{\"@id\":\"https:\/\/arredo2001.com\/product\/small-transparent-speaker-b\/#breadcrumb\"},\"inLanguage\":\"en-GB\",\"potentialAction\":[{\"@type\":\"ReadAction\",\"target\":[\"https:\/\/arredo2001.com\/product\/small-transparent-speaker-b\/\"]}]},{\"@type\":\"ImageObject\",\"inLanguage\":\"en-GB\",\"@id\":\"https:\/\/arredo2001.com\/product\/small-transparent-speaker-b\/#primaryimage\",\"url\":\"https:\/\/arredo2001.com\/wp-content\/uploads\/2024\/12\/IMG_7561-e1739018780825.jpg\",\"contentUrl\":\"https:\/\/arredo2001.com\/wp-content\/uploads\/2024\/12\/IMG_7561-e1739018780825.jpg\",\"width\":1049,\"height\":1312},{\"@type\":\"BreadcrumbList\",\"@id\":\"https:\/\/arredo2001.com\/product\/small-transparent-speaker-b\/#breadcrumb\",\"itemListElement\":[{\"@type\":\"ListItem\",\"position\":1,\"name\":\"Portada\",\"item\":\"https:\/\/arredo2001.com\/\"},{\"@type\":\"ListItem\",\"position\":2,\"name\":\"Cat\u00e1logo\",\"item\":\"https:\/\/arredo2001.com\/catalogo\/\"},{\"@type\":\"ListItem\",\"position\":3,\"name\":\"Small Transparent Speaker B\"}]},{\"@type\":\"WebSite\",\"@id\":\"https:\/\/arredo2001.com\/#website\",\"url\":\"https:\/\/arredo2001.com\/\",\"name\":\"arredo2001.com\",\"description\":\"\",\"publisher\":{\"@id\":\"https:\/\/arredo2001.com\/#organization\"},\"potentialAction\":[{\"@type\":\"SearchAction\",\"target\":{\"@type\":\"EntryPoint\",\"urlTemplate\":\"https:\/\/arredo2001.com\/?s={search_term_string}\"},\"query-input\":{\"@type\":\"PropertyValueSpecification\",\"valueRequired\":true,\"valueName\":\"search_term_string\"}}],\"inLanguage\":\"en-GB\"},{\"@type\":\"Organization\",\"@id\":\"https:\/\/arredo2001.com\/#organization\",\"name\":\"arredo2001.com\",\"url\":\"https:\/\/arredo2001.com\/\",\"logo\":{\"@type\":\"ImageObject\",\"inLanguage\":\"en-GB\",\"@id\":\"https:\/\/arredo2001.com\/#\/schema\/logo\/image\/\",\"url\":\"https:\/\/arredo2001.com\/wp-content\/uploads\/2024\/08\/A01-Logotipo.png\",\"contentUrl\":\"https:\/\/arredo2001.com\/wp-content\/uploads\/2024\/08\/A01-Logotipo.png\",\"width\":138,\"height\":57,\"caption\":\"arredo2001.com\"},\"image\":{\"@id\":\"https:\/\/arredo2001.com\/#\/schema\/logo\/image\/\"}}]}<\/script>\n<!-- \/ Yoast SEO plugin. -->","yoast_head_json":{"title":"Small Transparent Speaker B | arredo2001.com","robots":{"index":"index","follow":"follow","max-snippet":"max-snippet:-1","max-image-preview":"max-image-preview:large","max-video-preview":"max-video-preview:-1"},"canonical":"https:\/\/arredo2001.com\/en\/product\/small-transparent-speaker-b\/","og_locale":"en_GB","og_type":"article","og_title":"Small Transparent Speaker B | arredo2001.com","og_description":"TRANSPARENT  &nbsp;  Color Negro  \u21f1 Producto bajo pedido. Entrega en 1 semana","og_url":"https:\/\/arredo2001.com\/en\/product\/small-transparent-speaker-b\/","og_site_name":"arredo2001.com","article_modified_time":"2025-02-08T12:46:31+00:00","og_image":[{"width":1049,"height":1312,"url":"https:\/\/arredo2001.com\/wp-content\/uploads\/2024\/12\/IMG_7561-e1739018780825.jpg","type":"image\/jpeg"}],"twitter_card":"summary_large_image","twitter_misc":{"Estimated reading time":"1 minute"},"schema":{"@context":"https:\/\/schema.org","@graph":[{"@type":"WebPage","@id":"https:\/\/arredo2001.com\/product\/small-transparent-speaker-b\/","url":"https:\/\/arredo2001.com\/product\/small-transparent-speaker-b\/","name":"Small Transparent Speaker B | arredo2001.com","isPartOf":{"@id":"https:\/\/arredo2001.com\/#website"},"primaryImageOfPage":{"@id":"https:\/\/arredo2001.com\/product\/small-transparent-speaker-b\/#primaryimage"},"image":{"@id":"https:\/\/arredo2001.com\/product\/small-transparent-speaker-b\/#primaryimage"},"thumbnailUrl":"https:\/\/arredo2001.com\/wp-content\/uploads\/2024\/12\/IMG_7561-e1739018780825.jpg","datePublished":"2024-12-10T21:04:26+00:00","dateModified":"2025-02-08T12:46:31+00:00","breadcrumb":{"@id":"https:\/\/arredo2001.com\/product\/small-transparent-speaker-b\/#breadcrumb"},"inLanguage":"en-GB","potentialAction":[{"@type":"ReadAction","target":["https:\/\/arredo2001.com\/product\/small-transparent-speaker-b\/"]}]},{"@type":"ImageObject","inLanguage":"en-GB","@id":"https:\/\/arredo2001.com\/product\/small-transparent-speaker-b\/#primaryimage","url":"https:\/\/arredo2001.com\/wp-content\/uploads\/2024\/12\/IMG_7561-e1739018780825.jpg","contentUrl":"https:\/\/arredo2001.com\/wp-content\/uploads\/2024\/12\/IMG_7561-e1739018780825.jpg","width":1049,"height":1312},{"@type":"BreadcrumbList","@id":"https:\/\/arredo2001.com\/product\/small-transparent-speaker-b\/#breadcrumb","itemListElement":[{"@type":"ListItem","position":1,"name":"Portada","item":"https:\/\/arredo2001.com\/"},{"@type":"ListItem","position":2,"name":"Cat\u00e1logo","item":"https:\/\/arredo2001.com\/catalogo\/"},{"@type":"ListItem","position":3,"name":"Small Transparent Speaker B"}]},{"@type":"WebSite","@id":"https:\/\/arredo2001.com\/#website","url":"https:\/\/arredo2001.com\/","name":"arredo2001.com","description":"","publisher":{"@id":"https:\/\/arredo2001.com\/#organization"},"potentialAction":[{"@type":"SearchAction","target":{"@type":"EntryPoint","urlTemplate":"https:\/\/arredo2001.com\/?s={search_term_string}"},"query-input":{"@type":"PropertyValueSpecification","valueRequired":true,"valueName":"search_term_string"}}],"inLanguage":"en-GB"},{"@type":"Organization","@id":"https:\/\/arredo2001.com\/#organization","name":"arredo2001.com","url":"https:\/\/arredo2001.com\/","logo":{"@type":"ImageObject","inLanguage":"en-GB","@id":"https:\/\/arredo2001.com\/#\/schema\/logo\/image\/","url":"https:\/\/arredo2001.com\/wp-content\/uploads\/2024\/08\/A01-Logotipo.png","contentUrl":"https:\/\/arredo2001.com\/wp-content\/uploads\/2024\/08\/A01-Logotipo.png","width":138,"height":57,"caption":"arredo2001.com"},"image":{"@id":"https:\/\/arredo2001.com\/#\/schema\/logo\/image\/"}}]}},"uagb_featured_image_src":{"full":["https:\/\/arredo2001.com\/wp-content\/uploads\/2024\/12\/IMG_7561-e1739018780825.jpg",1049,1312,false],"thumbnail":["https:\/\/arredo2001.com\/wp-content\/uploads\/2024\/12\/IMG_7561-e1739018780825-150x150.jpg",150,150,true],"medium":["https:\/\/arredo2001.com\/wp-content\/uploads\/2024\/12\/IMG_7561-e1739018780825-240x300.jpg",240,300,true],"medium_large":["https:\/\/arredo2001.com\/wp-content\/uploads\/2024\/12\/IMG_7561-e1739018780825-768x961.jpg",768,961,true],"large":["https:\/\/arredo2001.com\/wp-content\/uploads\/2024\/12\/IMG_7561-e1739018780825-819x1024.jpg",819,1024,true],"1536x1536":["https:\/\/arredo2001.com\/wp-content\/uploads\/2024\/12\/IMG_7561-e1739018780825.jpg",1049,1312,false],"2048x2048":["https:\/\/arredo2001.com\/wp-content\/uploads\/2024\/12\/IMG_7561-e1739018780825.jpg",1049,1312,false],"trp-custom-language-flag":["https:\/\/arredo2001.com\/wp-content\/uploads\/2024\/12\/IMG_7561-e1739018780825-10x12.jpg",10,12,true],"rodest_core_image_size_square":["https:\/\/arredo2001.com\/wp-content\/uploads\/2024\/12\/IMG_7561-e1739018780825-650x650.jpg",650,650,true],"rodest_core_image_size_landscape":["https:\/\/arredo2001.com\/wp-content\/uploads\/2024\/12\/IMG_7561-e1739018780825-1049x650.jpg",1049,650,true],"rodest_core_image_size_portrait":["https:\/\/arredo2001.com\/wp-content\/uploads\/2024\/12\/IMG_7561-e1739018780825-650x1300.jpg",650,1300,true],"rodest_core_image_size_huge-square":["https:\/\/arredo2001.com\/wp-content\/uploads\/2024\/12\/IMG_7561-e1739018780825-1049x1300.jpg",1049,1300,true],"woocommerce_thumbnail":["https:\/\/arredo2001.com\/wp-content\/uploads\/2024\/12\/IMG_7561-e1739018780825-600x750.jpg",600,750,true],"woocommerce_single":["https:\/\/arredo2001.com\/wp-content\/uploads\/2024\/12\/IMG_7561-e1739018780825.jpg",1049,1312,false],"woocommerce_gallery_thumbnail":["https:\/\/arredo2001.com\/wp-content\/uploads\/2024\/12\/IMG_7561-e1739018780825-100x100.jpg",100,100,true],"qi_blocks_image_size_square":["https:\/\/arredo2001.com\/wp-content\/uploads\/2024\/12\/IMG_7561-e1739018780825-650x650.jpg",650,650,true],"qi_blocks_image_size_landscape":["https:\/\/arredo2001.com\/wp-content\/uploads\/2024\/12\/IMG_7561-e1739018780825-1049x650.jpg",1049,650,true],"qi_blocks_image_size_portrait":["https:\/\/arredo2001.com\/wp-content\/uploads\/2024\/12\/IMG_7561-e1739018780825-650x1300.jpg",650,1300,true],"qi_blocks_image_size_huge_square":["https:\/\/arredo2001.com\/wp-content\/uploads\/2024\/12\/IMG_7561-e1739018780825-1049x1300.jpg",1049,1300,true]},"uagb_author_info":{"display_name":"Nikita","author_link":"https:\/\/arredo2001.com\/en\/author\/"},"uagb_comment_info":0,"uagb_excerpt":"TRANSPARENT &nbsp; Color Negro \u21f1 Producto bajo pedido. Entrega en 1 semana","_links":{"self":[{"href":"https:\/\/arredo2001.com\/en\/wp-json\/wp\/v2\/product\/10030"}],"collection":[{"href":"https:\/\/arredo2001.com\/en\/wp-json\/wp\/v2\/product"}],"about":[{"href":"https:\/\/arredo2001.com\/en\/wp-json\/wp\/v2\/types\/product"}],"replies":[{"embeddable":true,"href":"https:\/\/arredo2001.com\/en\/wp-json\/wp\/v2\/comments?post=10030"}],"wp:featuredmedia":[{"embeddable":true,"href":"https:\/\/arredo2001.com\/en\/wp-json\/wp\/v2\/media\/10041"}],"wp:attachment":[{"href":"https:\/\/arredo2001.com\/en\/wp-json\/wp\/v2\/media?parent=10030"}],"wp:term":[{"taxonomy":"product_cat","embeddable":true,"href":"https:\/\/arredo2001.com\/en\/wp-json\/wp\/v2\/product_cat?post=10030"},{"taxonomy":"product_tag","embeddable":true,"href":"https:\/\/arredo2001.com\/en\/wp-json\/wp\/v2\/product_tag?post=10030"}],"curies":[{"name":"wp","href":"https:\/\/api.w.org\/{rel}","templated":true}]}}