{"id":10060,"date":"2024-12-12T10:16:34","date_gmt":"2024-12-12T10:16:34","guid":{"rendered":"https:\/\/arredo2001.com\/?post_type=product&#038;p=10060"},"modified":"2025-01-19T16:42:56","modified_gmt":"2025-01-19T16:42:56","slug":"brutalist-speaker-m","status":"publish","type":"product","link":"https:\/\/arredo2001.com\/en\/product\/brutalist-speaker-m\/","title":{"rendered":"Brutalist Speaker M"},"content":{"rendered":"<p><strong>The Brutalist Speaker<\/strong> es un fascinante punto focal en cualquier hogar, que combina forma y funci\u00f3n reflejando el compromiso de Transparent con un dise\u00f1o extraordinario. Fabricado con un 70% de aluminio reciclado postconsumo, este altavoz no solo presenta una apariencia escult\u00f3rica, sino que tambi\u00e9n ofrece propiedades ac\u00fasticas \u00f3ptimas, garantizando una experiencia de audio inigualable.<\/p>\n<p>&nbsp;<\/p>\n<p><strong>CONECTIVIDAD:<\/strong><\/p>\n<ul>\n<li>Wi-Fi \/ Audio Multizona (m\u00f3dulo Wiim Mini).<\/li>\n<li>Spotify Connect | Airplay 2 | Tidal Connect | Amazon Music | (y muchos m\u00e1s).<\/li>\n<li>Compatible con Alexa (sin micr\u00f3fono incorporado).<\/li>\n<li>Bluetooth 5.2.<\/li>\n<li>2 x Entrada de l\u00ednea.<\/li>\n<\/ul>\n<p><strong>DISE\u00d1O:<\/strong><\/p>\n<div class=\"group\/conversation-turn relative flex w-full min-w-0 flex-col agent-turn\">\n<div class=\"flex-col gap-1 md:gap-3\">\n<div class=\"flex max-w-full flex-col flex-grow\">\n<div class=\"min-h-8 text-message flex w-full flex-col items-end gap-2 whitespace-normal break-words text-start [.text-message+&amp;]:mt-5\" dir=\"auto\" data-message-author-role=\"assistant\" data-message-id=\"d0d578da-65c2-4728-9e48-aeaec21095a6\" data-message-model-slug=\"gpt-4o\">\n<div class=\"flex w-full flex-col gap-1 empty:hidden first:pt-[3px]\">\n<div class=\"markdown prose w-full break-words dark:prose-invert light\">\n<ul>\n<li>Dimensiones: 590 x 360 x 260 mm \/ 23,2 x 14,2 x 10,2 pulgadas.<\/li>\n<li>Peso: 12 kg \/ 26,5 libras.<\/li>\n<li>Materiales: 70% aluminio reciclado postconsumo.<\/li>\n<li>Color: Aluminio \/ Negro.<\/li>\n<li>Controles frontales: Volumen, graves y agudos.<\/li>\n<\/ul>\n<\/div>\n<\/div>\n<\/div>\n<\/div>\n<\/div>\n<\/div>\n<p><strong>SONIDO:<\/strong><\/p>\n<div class=\"group\/conversation-turn relative flex w-full min-w-0 flex-col agent-turn\">\n<div class=\"flex-col gap-1 md:gap-3\">\n<div class=\"flex max-w-full flex-col flex-grow\">\n<div class=\"min-h-8 text-message flex w-full flex-col items-end gap-2 whitespace-normal break-words text-start [.text-message+&amp;]:mt-5\" dir=\"auto\" data-message-author-role=\"assistant\" data-message-id=\"3b750a34-b7c3-4f16-bd9c-a2c8a1f47a90\" data-message-model-slug=\"gpt-4o\">\n<div class=\"flex w-full flex-col gap-1 empty:hidden first:pt-[3px]\">\n<div class=\"markdown prose w-full break-words dark:prose-invert light\">\n<ul>\n<li>Respuesta de frecuencia: 32 Hz \u2013 20 kHz -6 dB.<\/li>\n<li>Potencia: 100-240 V AC, 50\/60 Hz, 120 W m\u00e1x.<\/li>\n<li>C\u00f3decs de audio: MP3, AAC, ALAC, APE, FLAC, WAV, WMA, OGG.<\/li>\n<\/ul>\n<\/div>\n<\/div>\n<\/div>\n<\/div>\n<\/div>\n<\/div>\n<p><strong>CONTENIDO DE LA CAJA:<\/strong><\/p>\n<ul>\n<li>Altavoz Brutalista incluye m\u00f3dulo Wiim Mini Wi-Fi.<\/li>\n<li>Guantes de algod\u00f3n blancos.<\/li>\n<li>Cable de audio largo.<\/li>\n<li>Cable de alimentaci\u00f3n.<\/li>\n<li>Manual de usuario.<\/li>\n<\/ul>","protected":false},"excerpt":{"rendered":"<p>TRANSPARENT<\/p>\n<p>&nbsp;<\/p>\n<p>Acabado Metal<\/p>\n<p><a href=\"https:\/\/arredo2001.com\/en\/condiciones-venta\/\">\u21f1 Producto bajo pedido. Entrega en 1 semana<\/a><\/p>","protected":false},"featured_media":10062,"comment_status":"closed","ping_status":"closed","template":"","meta":{"_uag_custom_page_level_css":""},"product_cat":[338,337],"product_tag":[],"yoast_head":"<!-- This site is optimized with the Yoast SEO plugin v24.4 - https:\/\/yoast.com\/wordpress\/plugins\/seo\/ -->\n<title>Brutalist Speaker M | arredo2001.com<\/title>\n<meta name=\"robots\" content=\"index, follow, max-snippet:-1, max-image-preview:large, max-video-preview:-1\" \/>\n<link rel=\"canonical\" href=\"https:\/\/arredo2001.com\/en\/product\/brutalist-speaker-m\/\" \/>\n<meta property=\"og:locale\" content=\"en_GB\" \/>\n<meta property=\"og:type\" content=\"article\" \/>\n<meta property=\"og:title\" content=\"Brutalist Speaker M | arredo2001.com\" \/>\n<meta property=\"og:description\" content=\"TRANSPARENT  &nbsp;  Acabado Metal  \u21f1 Producto bajo pedido. Entrega en 1 semana\" \/>\n<meta property=\"og:url\" content=\"https:\/\/arredo2001.com\/en\/product\/brutalist-speaker-m\/\" \/>\n<meta property=\"og:site_name\" content=\"arredo2001.com\" \/>\n<meta property=\"article:modified_time\" content=\"2025-01-19T16:42:56+00:00\" \/>\n<meta property=\"og:image\" content=\"https:\/\/arredo2001.com\/wp-content\/uploads\/2024\/12\/45_full_Still_0175_mobile-e1737304951611.webp\" \/>\n\t<meta property=\"og:image:width\" content=\"1727\" \/>\n\t<meta property=\"og:image:height\" content=\"2160\" \/>\n\t<meta property=\"og:image:type\" content=\"image\/webp\" \/>\n<meta name=\"twitter:card\" content=\"summary_large_image\" \/>\n<meta name=\"twitter:label1\" content=\"Estimated reading time\" \/>\n\t<meta name=\"twitter:data1\" content=\"1 minute\" \/>\n<script type=\"application\/ld+json\" class=\"yoast-schema-graph\">{\"@context\":\"https:\/\/schema.org\",\"@graph\":[{\"@type\":\"WebPage\",\"@id\":\"https:\/\/arredo2001.com\/product\/brutalist-speaker-m\/\",\"url\":\"https:\/\/arredo2001.com\/product\/brutalist-speaker-m\/\",\"name\":\"Brutalist Speaker M | arredo2001.com\",\"isPartOf\":{\"@id\":\"https:\/\/arredo2001.com\/#website\"},\"primaryImageOfPage\":{\"@id\":\"https:\/\/arredo2001.com\/product\/brutalist-speaker-m\/#primaryimage\"},\"image\":{\"@id\":\"https:\/\/arredo2001.com\/product\/brutalist-speaker-m\/#primaryimage\"},\"thumbnailUrl\":\"https:\/\/arredo2001.com\/wp-content\/uploads\/2024\/12\/45_full_Still_0175_mobile-e1737304951611.webp\",\"datePublished\":\"2024-12-12T10:16:34+00:00\",\"dateModified\":\"2025-01-19T16:42:56+00:00\",\"breadcrumb\":{\"@id\":\"https:\/\/arredo2001.com\/product\/brutalist-speaker-m\/#breadcrumb\"},\"inLanguage\":\"en-GB\",\"potentialAction\":[{\"@type\":\"ReadAction\",\"target\":[\"https:\/\/arredo2001.com\/product\/brutalist-speaker-m\/\"]}]},{\"@type\":\"ImageObject\",\"inLanguage\":\"en-GB\",\"@id\":\"https:\/\/arredo2001.com\/product\/brutalist-speaker-m\/#primaryimage\",\"url\":\"https:\/\/arredo2001.com\/wp-content\/uploads\/2024\/12\/45_full_Still_0175_mobile-e1737304951611.webp\",\"contentUrl\":\"https:\/\/arredo2001.com\/wp-content\/uploads\/2024\/12\/45_full_Still_0175_mobile-e1737304951611.webp\",\"width\":1727,\"height\":2160},{\"@type\":\"BreadcrumbList\",\"@id\":\"https:\/\/arredo2001.com\/product\/brutalist-speaker-m\/#breadcrumb\",\"itemListElement\":[{\"@type\":\"ListItem\",\"position\":1,\"name\":\"Portada\",\"item\":\"https:\/\/arredo2001.com\/\"},{\"@type\":\"ListItem\",\"position\":2,\"name\":\"Cat\u00e1logo\",\"item\":\"https:\/\/arredo2001.com\/catalogo\/\"},{\"@type\":\"ListItem\",\"position\":3,\"name\":\"Brutalist Speaker M\"}]},{\"@type\":\"WebSite\",\"@id\":\"https:\/\/arredo2001.com\/#website\",\"url\":\"https:\/\/arredo2001.com\/\",\"name\":\"arredo2001.com\",\"description\":\"\",\"publisher\":{\"@id\":\"https:\/\/arredo2001.com\/#organization\"},\"potentialAction\":[{\"@type\":\"SearchAction\",\"target\":{\"@type\":\"EntryPoint\",\"urlTemplate\":\"https:\/\/arredo2001.com\/?s={search_term_string}\"},\"query-input\":{\"@type\":\"PropertyValueSpecification\",\"valueRequired\":true,\"valueName\":\"search_term_string\"}}],\"inLanguage\":\"en-GB\"},{\"@type\":\"Organization\",\"@id\":\"https:\/\/arredo2001.com\/#organization\",\"name\":\"arredo2001.com\",\"url\":\"https:\/\/arredo2001.com\/\",\"logo\":{\"@type\":\"ImageObject\",\"inLanguage\":\"en-GB\",\"@id\":\"https:\/\/arredo2001.com\/#\/schema\/logo\/image\/\",\"url\":\"https:\/\/arredo2001.com\/wp-content\/uploads\/2024\/08\/A01-Logotipo.png\",\"contentUrl\":\"https:\/\/arredo2001.com\/wp-content\/uploads\/2024\/08\/A01-Logotipo.png\",\"width\":138,\"height\":57,\"caption\":\"arredo2001.com\"},\"image\":{\"@id\":\"https:\/\/arredo2001.com\/#\/schema\/logo\/image\/\"}}]}<\/script>\n<!-- \/ Yoast SEO plugin. -->","yoast_head_json":{"title":"Brutalist Speaker M | arredo2001.com","robots":{"index":"index","follow":"follow","max-snippet":"max-snippet:-1","max-image-preview":"max-image-preview:large","max-video-preview":"max-video-preview:-1"},"canonical":"https:\/\/arredo2001.com\/en\/product\/brutalist-speaker-m\/","og_locale":"en_GB","og_type":"article","og_title":"Brutalist Speaker M | arredo2001.com","og_description":"TRANSPARENT  &nbsp;  Acabado Metal  \u21f1 Producto bajo pedido. Entrega en 1 semana","og_url":"https:\/\/arredo2001.com\/en\/product\/brutalist-speaker-m\/","og_site_name":"arredo2001.com","article_modified_time":"2025-01-19T16:42:56+00:00","og_image":[{"width":1727,"height":2160,"url":"https:\/\/arredo2001.com\/wp-content\/uploads\/2024\/12\/45_full_Still_0175_mobile-e1737304951611.webp","type":"image\/webp"}],"twitter_card":"summary_large_image","twitter_misc":{"Estimated reading time":"1 minute"},"schema":{"@context":"https:\/\/schema.org","@graph":[{"@type":"WebPage","@id":"https:\/\/arredo2001.com\/product\/brutalist-speaker-m\/","url":"https:\/\/arredo2001.com\/product\/brutalist-speaker-m\/","name":"Brutalist Speaker M | arredo2001.com","isPartOf":{"@id":"https:\/\/arredo2001.com\/#website"},"primaryImageOfPage":{"@id":"https:\/\/arredo2001.com\/product\/brutalist-speaker-m\/#primaryimage"},"image":{"@id":"https:\/\/arredo2001.com\/product\/brutalist-speaker-m\/#primaryimage"},"thumbnailUrl":"https:\/\/arredo2001.com\/wp-content\/uploads\/2024\/12\/45_full_Still_0175_mobile-e1737304951611.webp","datePublished":"2024-12-12T10:16:34+00:00","dateModified":"2025-01-19T16:42:56+00:00","breadcrumb":{"@id":"https:\/\/arredo2001.com\/product\/brutalist-speaker-m\/#breadcrumb"},"inLanguage":"en-GB","potentialAction":[{"@type":"ReadAction","target":["https:\/\/arredo2001.com\/product\/brutalist-speaker-m\/"]}]},{"@type":"ImageObject","inLanguage":"en-GB","@id":"https:\/\/arredo2001.com\/product\/brutalist-speaker-m\/#primaryimage","url":"https:\/\/arredo2001.com\/wp-content\/uploads\/2024\/12\/45_full_Still_0175_mobile-e1737304951611.webp","contentUrl":"https:\/\/arredo2001.com\/wp-content\/uploads\/2024\/12\/45_full_Still_0175_mobile-e1737304951611.webp","width":1727,"height":2160},{"@type":"BreadcrumbList","@id":"https:\/\/arredo2001.com\/product\/brutalist-speaker-m\/#breadcrumb","itemListElement":[{"@type":"ListItem","position":1,"name":"Portada","item":"https:\/\/arredo2001.com\/"},{"@type":"ListItem","position":2,"name":"Cat\u00e1logo","item":"https:\/\/arredo2001.com\/catalogo\/"},{"@type":"ListItem","position":3,"name":"Brutalist Speaker M"}]},{"@type":"WebSite","@id":"https:\/\/arredo2001.com\/#website","url":"https:\/\/arredo2001.com\/","name":"arredo2001.com","description":"","publisher":{"@id":"https:\/\/arredo2001.com\/#organization"},"potentialAction":[{"@type":"SearchAction","target":{"@type":"EntryPoint","urlTemplate":"https:\/\/arredo2001.com\/?s={search_term_string}"},"query-input":{"@type":"PropertyValueSpecification","valueRequired":true,"valueName":"search_term_string"}}],"inLanguage":"en-GB"},{"@type":"Organization","@id":"https:\/\/arredo2001.com\/#organization","name":"arredo2001.com","url":"https:\/\/arredo2001.com\/","logo":{"@type":"ImageObject","inLanguage":"en-GB","@id":"https:\/\/arredo2001.com\/#\/schema\/logo\/image\/","url":"https:\/\/arredo2001.com\/wp-content\/uploads\/2024\/08\/A01-Logotipo.png","contentUrl":"https:\/\/arredo2001.com\/wp-content\/uploads\/2024\/08\/A01-Logotipo.png","width":138,"height":57,"caption":"arredo2001.com"},"image":{"@id":"https:\/\/arredo2001.com\/#\/schema\/logo\/image\/"}}]}},"uagb_featured_image_src":{"full":["https:\/\/arredo2001.com\/wp-content\/uploads\/2024\/12\/45_full_Still_0175_mobile-e1737304951611.webp",1727,2160,false],"thumbnail":["https:\/\/arredo2001.com\/wp-content\/uploads\/2024\/12\/45_full_Still_0175_mobile-e1737304951611-150x150.webp",150,150,true],"medium":["https:\/\/arredo2001.com\/wp-content\/uploads\/2024\/12\/45_full_Still_0175_mobile-e1737304951611-240x300.webp",240,300,true],"medium_large":["https:\/\/arredo2001.com\/wp-content\/uploads\/2024\/12\/45_full_Still_0175_mobile-e1737304951611-768x961.webp",768,961,true],"large":["https:\/\/arredo2001.com\/wp-content\/uploads\/2024\/12\/45_full_Still_0175_mobile-e1737304951611-819x1024.webp",819,1024,true],"1536x1536":["https:\/\/arredo2001.com\/wp-content\/uploads\/2024\/12\/45_full_Still_0175_mobile-e1737304951611-1228x1536.webp",1228,1536,true],"2048x2048":["https:\/\/arredo2001.com\/wp-content\/uploads\/2024\/12\/45_full_Still_0175_mobile-e1737304951611-1637x2048.webp",1637,2048,true],"trp-custom-language-flag":["https:\/\/arredo2001.com\/wp-content\/uploads\/2024\/12\/45_full_Still_0175_mobile-e1737304951611-10x12.webp",10,12,true],"rodest_core_image_size_square":["https:\/\/arredo2001.com\/wp-content\/uploads\/2024\/12\/45_full_Still_0175_mobile-e1737304951611-650x650.webp",650,650,true],"rodest_core_image_size_landscape":["https:\/\/arredo2001.com\/wp-content\/uploads\/2024\/12\/45_full_Still_0175_mobile-e1737304951611-1300x650.webp",1300,650,true],"rodest_core_image_size_portrait":["https:\/\/arredo2001.com\/wp-content\/uploads\/2024\/12\/45_full_Still_0175_mobile-e1737304951611-650x1300.webp",650,1300,true],"rodest_core_image_size_huge-square":["https:\/\/arredo2001.com\/wp-content\/uploads\/2024\/12\/45_full_Still_0175_mobile-e1737304951611-1300x1300.webp",1300,1300,true],"woocommerce_thumbnail":["https:\/\/arredo2001.com\/wp-content\/uploads\/2024\/12\/45_full_Still_0175_mobile-e1737304951611-600x750.webp",600,750,true],"woocommerce_single":["https:\/\/arredo2001.com\/wp-content\/uploads\/2024\/12\/45_full_Still_0175_mobile-e1737304951611-1200x1501.webp",1200,1501,true],"woocommerce_gallery_thumbnail":["https:\/\/arredo2001.com\/wp-content\/uploads\/2024\/12\/45_full_Still_0175_mobile-e1737304951611-100x100.webp",100,100,true],"qi_blocks_image_size_square":["https:\/\/arredo2001.com\/wp-content\/uploads\/2024\/12\/45_full_Still_0175_mobile-e1737304951611-650x650.webp",650,650,true],"qi_blocks_image_size_landscape":["https:\/\/arredo2001.com\/wp-content\/uploads\/2024\/12\/45_full_Still_0175_mobile-e1737304951611-1300x650.webp",1300,650,true],"qi_blocks_image_size_portrait":["https:\/\/arredo2001.com\/wp-content\/uploads\/2024\/12\/45_full_Still_0175_mobile-e1737304951611-650x1300.webp",650,1300,true],"qi_blocks_image_size_huge_square":["https:\/\/arredo2001.com\/wp-content\/uploads\/2024\/12\/45_full_Still_0175_mobile-e1737304951611-1300x1300.webp",1300,1300,true]},"uagb_author_info":{"display_name":"Nikita","author_link":"https:\/\/arredo2001.com\/en\/author\/"},"uagb_comment_info":0,"uagb_excerpt":"TRANSPARENT &nbsp; Acabado Metal \u21f1 Producto bajo pedido. Entrega en 1 semana","_links":{"self":[{"href":"https:\/\/arredo2001.com\/en\/wp-json\/wp\/v2\/product\/10060"}],"collection":[{"href":"https:\/\/arredo2001.com\/en\/wp-json\/wp\/v2\/product"}],"about":[{"href":"https:\/\/arredo2001.com\/en\/wp-json\/wp\/v2\/types\/product"}],"replies":[{"embeddable":true,"href":"https:\/\/arredo2001.com\/en\/wp-json\/wp\/v2\/comments?post=10060"}],"wp:featuredmedia":[{"embeddable":true,"href":"https:\/\/arredo2001.com\/en\/wp-json\/wp\/v2\/media\/10062"}],"wp:attachment":[{"href":"https:\/\/arredo2001.com\/en\/wp-json\/wp\/v2\/media?parent=10060"}],"wp:term":[{"taxonomy":"product_cat","embeddable":true,"href":"https:\/\/arredo2001.com\/en\/wp-json\/wp\/v2\/product_cat?post=10060"},{"taxonomy":"product_tag","embeddable":true,"href":"https:\/\/arredo2001.com\/en\/wp-json\/wp\/v2\/product_tag?post=10060"}],"curies":[{"name":"wp","href":"https:\/\/api.w.org\/{rel}","templated":true}]}}