{"id":10079,"date":"2024-12-12T10:43:34","date_gmt":"2024-12-12T10:43:34","guid":{"rendered":"https:\/\/arredo2001.com\/?post_type=product&#038;p=10079"},"modified":"2025-01-10T17:06:17","modified_gmt":"2025-01-10T17:06:17","slug":"the-light-speaker-b","status":"publish","type":"product","link":"https:\/\/arredo2001.com\/en\/product\/the-light-speaker-b\/","title":{"rendered":"The Light Speaker B"},"content":{"rendered":"<p><strong>The Light Speaker<\/strong> es un altavoz port\u00e1til de vidrio revolucionario que lleva el sonido a un nivel completamente nuevo en tu hogar. Con su dise\u00f1o transparente \u00fanico y una experiencia de sonido de 360 grados, este altavoz es una impresionante obra de arte que iluminar\u00e1 cualquier habitaci\u00f3n. Con un potente sistema de sonido, el Altavoz Luminoso es capaz de producir audio claro y n\u00edtido para cualquier tipo de m\u00fasica. Su sistema de iluminaci\u00f3n crear\u00e1 una atm\u00f3sfera acogedora en tu espacio, mientras que su conectividad Bluetooth facilita la transmisi\u00f3n de tus canciones favoritas desde cualquier dispositivo. Con hasta 10 horas de bater\u00eda, podr\u00e1s disfrutar de una experiencia sonora realmente inmersiva que inspirar\u00e1 y energizar\u00e1 tus sentidos.<\/p>\n<p>&nbsp;<\/p>\n<p><strong>CONECTIVIDAD:<\/strong><\/p>\n<ul>\n<li>Todos los altavoces tienen conexi\u00f3n Bluetooth 5.0.<\/li>\n<li>Conecta dos altavoces con True Wireless y reproduce ambos simult\u00e1neamente.<\/li>\n<li>M\u00f3dulo wifi se compra por separado.<\/li>\n<\/ul>\n<p><strong>DISE\u00d1O:<\/strong><\/p>\n<div class=\"group\/conversation-turn relative flex w-full min-w-0 flex-col agent-turn\">\n<div class=\"flex-col gap-1 md:gap-3\">\n<div class=\"flex max-w-full flex-col flex-grow\">\n<div class=\"min-h-8 text-message flex w-full flex-col items-end gap-2 whitespace-normal break-words text-start [.text-message+&amp;]:mt-5\" dir=\"auto\" data-message-author-role=\"assistant\" data-message-id=\"d0d578da-65c2-4728-9e48-aeaec21095a6\" data-message-model-slug=\"gpt-4o\">\n<div class=\"flex w-full flex-col gap-1 empty:hidden first:pt-[3px]\">\n<div class=\"markdown prose w-full break-words dark:prose-invert light\">\n<div class=\"group\/conversation-turn relative flex w-full min-w-0 flex-col agent-turn\">\n<div class=\"flex-col gap-1 md:gap-3\">\n<div class=\"flex max-w-full flex-col flex-grow\">\n<div class=\"min-h-8 text-message flex w-full flex-col items-end gap-2 whitespace-normal break-words text-start [.text-message+&amp;]:mt-5\" dir=\"auto\" data-message-author-role=\"assistant\" data-message-id=\"fce92dfa-84b9-488c-a84e-02cbf684ff4a\" data-message-model-slug=\"gpt-4o-mini\">\n<div class=\"flex w-full flex-col gap-1 empty:hidden first:pt-[3px]\">\n<div class=\"markdown prose w-full break-words dark:prose-invert light\">\n<ul>\n<li>Dimensiones: 105 mm x 160 mm x 214 mm (con asa) \/ 4,13 x 6,29 x 8,4 pulgadas (con asa).<\/li>\n<li>Peso: 0,6 kg \/ 1,3 libras.<\/li>\n<li>Materiales principales: Aluminio y vidrio borosilicato.<\/li>\n<li>Clasificaci\u00f3n de resistencia al clima: IPX2.<\/li>\n<\/ul>\n<\/div>\n<\/div>\n<\/div>\n<\/div>\n<\/div>\n<\/div>\n<\/div>\n<\/div>\n<\/div>\n<\/div>\n<\/div>\n<\/div>\n<p><strong>SONIDO:<\/strong><\/p>\n<div class=\"group\/conversation-turn relative flex w-full min-w-0 flex-col agent-turn\">\n<div class=\"flex-col gap-1 md:gap-3\">\n<div class=\"flex max-w-full flex-col flex-grow\">\n<div class=\"min-h-8 text-message flex w-full flex-col items-end gap-2 whitespace-normal break-words text-start [.text-message+&amp;]:mt-5\" dir=\"auto\" data-message-author-role=\"assistant\" data-message-id=\"3b750a34-b7c3-4f16-bd9c-a2c8a1f47a90\" data-message-model-slug=\"gpt-4o\">\n<div class=\"flex w-full flex-col gap-1 empty:hidden first:pt-[3px]\">\n<div class=\"markdown prose w-full break-words dark:prose-invert light\">\n<ul>\n<li>Respuesta de frecuencia: 60 Hz &#8211; 18 kHz.<\/li>\n<li>1 x controlador de rango completo de 2,5\u201d.<\/li>\n<li>1 x radiador pasivo de 3\u201d.<\/li>\n<\/ul>\n<\/div>\n<\/div>\n<\/div>\n<\/div>\n<\/div>\n<\/div>\n<p><strong>CONTENIDO DE LA CAJA:<\/strong><\/p>\n<ul>\n<li>Entrada de l\u00ednea 3,5 mm, cable AUX mini-jack doble incluido.<\/li>\n<li>Cable USB C y adaptador incluido (A, C y G).<\/li>\n<li>Accesorio de asa para montaje con tornillos.<\/li>\n<li>Herramienta para desmontaje incluida.<\/li>\n<li>Manual.<\/li>\n<\/ul>","protected":false},"excerpt":{"rendered":"<p>TRANSPARENT<\/p>\n<p>&nbsp;<\/p>\n<p>Color Negro<\/p>\n<p><a href=\"https:\/\/arredo2001.com\/en\/condiciones-venta\/\">\u21f1 Producto bajo pedido. Entrega en 1 semana<\/a><\/p>","protected":false},"featured_media":10086,"comment_status":"closed","ping_status":"closed","template":"","meta":{"_uag_custom_page_level_css":""},"product_cat":[338,200,337],"product_tag":[],"yoast_head":"<!-- This site is optimized with the Yoast SEO plugin v24.4 - https:\/\/yoast.com\/wordpress\/plugins\/seo\/ -->\n<title>The Light Speaker B | arredo2001.com<\/title>\n<meta name=\"robots\" content=\"index, follow, max-snippet:-1, max-image-preview:large, max-video-preview:-1\" \/>\n<link rel=\"canonical\" href=\"https:\/\/arredo2001.com\/en\/product\/the-light-speaker-b\/\" \/>\n<meta property=\"og:locale\" content=\"en_GB\" \/>\n<meta property=\"og:type\" content=\"article\" \/>\n<meta property=\"og:title\" content=\"The Light Speaker B | arredo2001.com\" \/>\n<meta property=\"og:description\" content=\"TRANSPARENT  &nbsp;  Color Negro  \u21f1 Producto bajo pedido. Entrega en 1 semana\" \/>\n<meta property=\"og:url\" content=\"https:\/\/arredo2001.com\/en\/product\/the-light-speaker-b\/\" \/>\n<meta property=\"og:site_name\" content=\"arredo2001.com\" \/>\n<meta property=\"article:modified_time\" content=\"2025-01-10T17:06:17+00:00\" \/>\n<meta property=\"og:image\" content=\"https:\/\/arredo2001.com\/wp-content\/uploads\/2024\/12\/LS-B-front_2_w1000-e1734000419996.webp\" \/>\n\t<meta property=\"og:image:width\" content=\"523\" \/>\n\t<meta property=\"og:image:height\" content=\"698\" \/>\n\t<meta property=\"og:image:type\" content=\"image\/webp\" \/>\n<meta name=\"twitter:card\" content=\"summary_large_image\" \/>\n<meta name=\"twitter:label1\" content=\"Estimated reading time\" \/>\n\t<meta name=\"twitter:data1\" content=\"1 minute\" \/>\n<script type=\"application\/ld+json\" class=\"yoast-schema-graph\">{\"@context\":\"https:\/\/schema.org\",\"@graph\":[{\"@type\":\"WebPage\",\"@id\":\"https:\/\/arredo2001.com\/product\/the-light-speaker-b\/\",\"url\":\"https:\/\/arredo2001.com\/product\/the-light-speaker-b\/\",\"name\":\"The Light Speaker B | arredo2001.com\",\"isPartOf\":{\"@id\":\"https:\/\/arredo2001.com\/#website\"},\"primaryImageOfPage\":{\"@id\":\"https:\/\/arredo2001.com\/product\/the-light-speaker-b\/#primaryimage\"},\"image\":{\"@id\":\"https:\/\/arredo2001.com\/product\/the-light-speaker-b\/#primaryimage\"},\"thumbnailUrl\":\"https:\/\/arredo2001.com\/wp-content\/uploads\/2024\/12\/LS-B-front_2_w1000-e1734000419996.webp\",\"datePublished\":\"2024-12-12T10:43:34+00:00\",\"dateModified\":\"2025-01-10T17:06:17+00:00\",\"breadcrumb\":{\"@id\":\"https:\/\/arredo2001.com\/product\/the-light-speaker-b\/#breadcrumb\"},\"inLanguage\":\"en-GB\",\"potentialAction\":[{\"@type\":\"ReadAction\",\"target\":[\"https:\/\/arredo2001.com\/product\/the-light-speaker-b\/\"]}]},{\"@type\":\"ImageObject\",\"inLanguage\":\"en-GB\",\"@id\":\"https:\/\/arredo2001.com\/product\/the-light-speaker-b\/#primaryimage\",\"url\":\"https:\/\/arredo2001.com\/wp-content\/uploads\/2024\/12\/LS-B-front_2_w1000-e1734000419996.webp\",\"contentUrl\":\"https:\/\/arredo2001.com\/wp-content\/uploads\/2024\/12\/LS-B-front_2_w1000-e1734000419996.webp\",\"width\":523,\"height\":698},{\"@type\":\"BreadcrumbList\",\"@id\":\"https:\/\/arredo2001.com\/product\/the-light-speaker-b\/#breadcrumb\",\"itemListElement\":[{\"@type\":\"ListItem\",\"position\":1,\"name\":\"Portada\",\"item\":\"https:\/\/arredo2001.com\/\"},{\"@type\":\"ListItem\",\"position\":2,\"name\":\"Cat\u00e1logo\",\"item\":\"https:\/\/arredo2001.com\/catalogo\/\"},{\"@type\":\"ListItem\",\"position\":3,\"name\":\"The Light Speaker B\"}]},{\"@type\":\"WebSite\",\"@id\":\"https:\/\/arredo2001.com\/#website\",\"url\":\"https:\/\/arredo2001.com\/\",\"name\":\"arredo2001.com\",\"description\":\"\",\"publisher\":{\"@id\":\"https:\/\/arredo2001.com\/#organization\"},\"potentialAction\":[{\"@type\":\"SearchAction\",\"target\":{\"@type\":\"EntryPoint\",\"urlTemplate\":\"https:\/\/arredo2001.com\/?s={search_term_string}\"},\"query-input\":{\"@type\":\"PropertyValueSpecification\",\"valueRequired\":true,\"valueName\":\"search_term_string\"}}],\"inLanguage\":\"en-GB\"},{\"@type\":\"Organization\",\"@id\":\"https:\/\/arredo2001.com\/#organization\",\"name\":\"arredo2001.com\",\"url\":\"https:\/\/arredo2001.com\/\",\"logo\":{\"@type\":\"ImageObject\",\"inLanguage\":\"en-GB\",\"@id\":\"https:\/\/arredo2001.com\/#\/schema\/logo\/image\/\",\"url\":\"https:\/\/arredo2001.com\/wp-content\/uploads\/2024\/08\/A01-Logotipo.png\",\"contentUrl\":\"https:\/\/arredo2001.com\/wp-content\/uploads\/2024\/08\/A01-Logotipo.png\",\"width\":138,\"height\":57,\"caption\":\"arredo2001.com\"},\"image\":{\"@id\":\"https:\/\/arredo2001.com\/#\/schema\/logo\/image\/\"}}]}<\/script>\n<!-- \/ Yoast SEO plugin. -->","yoast_head_json":{"title":"The Light Speaker B | arredo2001.com","robots":{"index":"index","follow":"follow","max-snippet":"max-snippet:-1","max-image-preview":"max-image-preview:large","max-video-preview":"max-video-preview:-1"},"canonical":"https:\/\/arredo2001.com\/en\/product\/the-light-speaker-b\/","og_locale":"en_GB","og_type":"article","og_title":"The Light Speaker B | arredo2001.com","og_description":"TRANSPARENT  &nbsp;  Color Negro  \u21f1 Producto bajo pedido. Entrega en 1 semana","og_url":"https:\/\/arredo2001.com\/en\/product\/the-light-speaker-b\/","og_site_name":"arredo2001.com","article_modified_time":"2025-01-10T17:06:17+00:00","og_image":[{"width":523,"height":698,"url":"https:\/\/arredo2001.com\/wp-content\/uploads\/2024\/12\/LS-B-front_2_w1000-e1734000419996.webp","type":"image\/webp"}],"twitter_card":"summary_large_image","twitter_misc":{"Estimated reading time":"1 minute"},"schema":{"@context":"https:\/\/schema.org","@graph":[{"@type":"WebPage","@id":"https:\/\/arredo2001.com\/product\/the-light-speaker-b\/","url":"https:\/\/arredo2001.com\/product\/the-light-speaker-b\/","name":"The Light Speaker B | arredo2001.com","isPartOf":{"@id":"https:\/\/arredo2001.com\/#website"},"primaryImageOfPage":{"@id":"https:\/\/arredo2001.com\/product\/the-light-speaker-b\/#primaryimage"},"image":{"@id":"https:\/\/arredo2001.com\/product\/the-light-speaker-b\/#primaryimage"},"thumbnailUrl":"https:\/\/arredo2001.com\/wp-content\/uploads\/2024\/12\/LS-B-front_2_w1000-e1734000419996.webp","datePublished":"2024-12-12T10:43:34+00:00","dateModified":"2025-01-10T17:06:17+00:00","breadcrumb":{"@id":"https:\/\/arredo2001.com\/product\/the-light-speaker-b\/#breadcrumb"},"inLanguage":"en-GB","potentialAction":[{"@type":"ReadAction","target":["https:\/\/arredo2001.com\/product\/the-light-speaker-b\/"]}]},{"@type":"ImageObject","inLanguage":"en-GB","@id":"https:\/\/arredo2001.com\/product\/the-light-speaker-b\/#primaryimage","url":"https:\/\/arredo2001.com\/wp-content\/uploads\/2024\/12\/LS-B-front_2_w1000-e1734000419996.webp","contentUrl":"https:\/\/arredo2001.com\/wp-content\/uploads\/2024\/12\/LS-B-front_2_w1000-e1734000419996.webp","width":523,"height":698},{"@type":"BreadcrumbList","@id":"https:\/\/arredo2001.com\/product\/the-light-speaker-b\/#breadcrumb","itemListElement":[{"@type":"ListItem","position":1,"name":"Portada","item":"https:\/\/arredo2001.com\/"},{"@type":"ListItem","position":2,"name":"Cat\u00e1logo","item":"https:\/\/arredo2001.com\/catalogo\/"},{"@type":"ListItem","position":3,"name":"The Light Speaker B"}]},{"@type":"WebSite","@id":"https:\/\/arredo2001.com\/#website","url":"https:\/\/arredo2001.com\/","name":"arredo2001.com","description":"","publisher":{"@id":"https:\/\/arredo2001.com\/#organization"},"potentialAction":[{"@type":"SearchAction","target":{"@type":"EntryPoint","urlTemplate":"https:\/\/arredo2001.com\/?s={search_term_string}"},"query-input":{"@type":"PropertyValueSpecification","valueRequired":true,"valueName":"search_term_string"}}],"inLanguage":"en-GB"},{"@type":"Organization","@id":"https:\/\/arredo2001.com\/#organization","name":"arredo2001.com","url":"https:\/\/arredo2001.com\/","logo":{"@type":"ImageObject","inLanguage":"en-GB","@id":"https:\/\/arredo2001.com\/#\/schema\/logo\/image\/","url":"https:\/\/arredo2001.com\/wp-content\/uploads\/2024\/08\/A01-Logotipo.png","contentUrl":"https:\/\/arredo2001.com\/wp-content\/uploads\/2024\/08\/A01-Logotipo.png","width":138,"height":57,"caption":"arredo2001.com"},"image":{"@id":"https:\/\/arredo2001.com\/#\/schema\/logo\/image\/"}}]}},"uagb_featured_image_src":{"full":["https:\/\/arredo2001.com\/wp-content\/uploads\/2024\/12\/LS-B-front_2_w1000-e1734000419996.webp",523,698,false],"thumbnail":["https:\/\/arredo2001.com\/wp-content\/uploads\/2024\/12\/LS-B-front_2_w1000-e1734000419996-150x150.webp",150,150,true],"medium":["https:\/\/arredo2001.com\/wp-content\/uploads\/2024\/12\/LS-B-front_2_w1000-e1734000419996-225x300.webp",225,300,true],"medium_large":["https:\/\/arredo2001.com\/wp-content\/uploads\/2024\/12\/LS-B-front_2_w1000-768x537.webp",768,537,true],"large":["https:\/\/arredo2001.com\/wp-content\/uploads\/2024\/12\/LS-B-front_2_w1000-e1734000419996.webp",523,698,false],"1536x1536":["https:\/\/arredo2001.com\/wp-content\/uploads\/2024\/12\/LS-B-front_2_w1000-e1734000419996.webp",523,698,false],"2048x2048":["https:\/\/arredo2001.com\/wp-content\/uploads\/2024\/12\/LS-B-front_2_w1000-e1734000419996.webp",523,698,false],"trp-custom-language-flag":["https:\/\/arredo2001.com\/wp-content\/uploads\/2024\/12\/LS-B-front_2_w1000-e1734000419996-9x12.webp",9,12,true],"rodest_core_image_size_square":["https:\/\/arredo2001.com\/wp-content\/uploads\/2024\/12\/LS-B-front_2_w1000-e1734000419996-523x650.webp",523,650,true],"rodest_core_image_size_landscape":["https:\/\/arredo2001.com\/wp-content\/uploads\/2024\/12\/LS-B-front_2_w1000-e1734000419996-523x650.webp",523,650,true],"rodest_core_image_size_portrait":["https:\/\/arredo2001.com\/wp-content\/uploads\/2024\/12\/LS-B-front_2_w1000-650x699.webp",650,699,true],"rodest_core_image_size_huge-square":["https:\/\/arredo2001.com\/wp-content\/uploads\/2024\/12\/LS-B-front_2_w1000-e1734000419996.webp",523,698,false],"woocommerce_thumbnail":["https:\/\/arredo2001.com\/wp-content\/uploads\/2024\/12\/LS-B-front_2_w1000-e1734000419996.webp",523,698,false],"woocommerce_single":["https:\/\/arredo2001.com\/wp-content\/uploads\/2024\/12\/LS-B-front_2_w1000-e1734000419996.webp",523,698,false],"woocommerce_gallery_thumbnail":["https:\/\/arredo2001.com\/wp-content\/uploads\/2024\/12\/LS-B-front_2_w1000-e1734000419996-100x100.webp",100,100,true],"qi_blocks_image_size_square":["https:\/\/arredo2001.com\/wp-content\/uploads\/2024\/12\/LS-B-front_2_w1000-e1734000419996-523x650.webp",523,650,true],"qi_blocks_image_size_landscape":["https:\/\/arredo2001.com\/wp-content\/uploads\/2024\/12\/LS-B-front_2_w1000-e1734000419996-523x650.webp",523,650,true],"qi_blocks_image_size_portrait":["https:\/\/arredo2001.com\/wp-content\/uploads\/2024\/12\/LS-B-front_2_w1000-650x699.webp",650,699,true],"qi_blocks_image_size_huge_square":["https:\/\/arredo2001.com\/wp-content\/uploads\/2024\/12\/LS-B-front_2_w1000-e1734000419996.webp",523,698,false]},"uagb_author_info":{"display_name":"Nikita","author_link":"https:\/\/arredo2001.com\/en\/author\/"},"uagb_comment_info":0,"uagb_excerpt":"TRANSPARENT &nbsp; Color Negro \u21f1 Producto bajo pedido. Entrega en 1 semana","_links":{"self":[{"href":"https:\/\/arredo2001.com\/en\/wp-json\/wp\/v2\/product\/10079"}],"collection":[{"href":"https:\/\/arredo2001.com\/en\/wp-json\/wp\/v2\/product"}],"about":[{"href":"https:\/\/arredo2001.com\/en\/wp-json\/wp\/v2\/types\/product"}],"replies":[{"embeddable":true,"href":"https:\/\/arredo2001.com\/en\/wp-json\/wp\/v2\/comments?post=10079"}],"wp:featuredmedia":[{"embeddable":true,"href":"https:\/\/arredo2001.com\/en\/wp-json\/wp\/v2\/media\/10086"}],"wp:attachment":[{"href":"https:\/\/arredo2001.com\/en\/wp-json\/wp\/v2\/media?parent=10079"}],"wp:term":[{"taxonomy":"product_cat","embeddable":true,"href":"https:\/\/arredo2001.com\/en\/wp-json\/wp\/v2\/product_cat?post=10079"},{"taxonomy":"product_tag","embeddable":true,"href":"https:\/\/arredo2001.com\/en\/wp-json\/wp\/v2\/product_tag?post=10079"}],"curies":[{"name":"wp","href":"https:\/\/api.w.org\/{rel}","templated":true}]}}