{"id":8935,"date":"2024-09-07T19:47:33","date_gmt":"2024-09-07T19:47:33","guid":{"rendered":"https:\/\/arredo2001.com\/?post_type=product&#038;p=8935"},"modified":"2024-12-08T17:30:21","modified_gmt":"2024-12-08T17:30:21","slug":"drab-mirror","status":"publish","type":"product","link":"https:\/\/arredo2001.com\/en\/product\/drab-mirror\/","title":{"rendered":"Drab Mirror"},"content":{"rendered":"<p>Este espejo hace parte de la familia DRAB, que agrega nuevos aspectos funcionales al conocido marco de escalera. Un manifiesto no obvio de la tecnolog\u00eda FiDU, definido por su sencillez y resaltado por sus peque\u00f1os pliegues. Una fusi\u00f3n cautivadora de acero y vidrio, presentada en un dise\u00f1o actual.<\/p>","protected":false},"excerpt":{"rendered":"<p>ZIETA<\/p>\n<p>&nbsp;<\/p>\n<p><a href=\"https:\/\/arredo2001.com\/en\/condiciones-venta\/\">\u21f1 Producto bajo pedido. Entrega en 1-8 semanas<\/a><\/p>","protected":false},"featured_media":8961,"comment_status":"closed","ping_status":"closed","template":"","meta":{"_uag_custom_page_level_css":""},"product_cat":[206,142],"product_tag":[],"yoast_head":"<!-- This site is optimized with the Yoast SEO plugin v24.4 - https:\/\/yoast.com\/wordpress\/plugins\/seo\/ -->\n<title>Drab Mirror | arredo2001.com<\/title>\n<meta name=\"robots\" content=\"index, follow, max-snippet:-1, max-image-preview:large, max-video-preview:-1\" \/>\n<link rel=\"canonical\" href=\"https:\/\/arredo2001.com\/en\/product\/drab-mirror\/\" \/>\n<meta property=\"og:locale\" content=\"en_GB\" \/>\n<meta property=\"og:type\" content=\"article\" \/>\n<meta property=\"og:title\" content=\"Drab Mirror | arredo2001.com\" \/>\n<meta property=\"og:description\" content=\"ZIETA  &nbsp;  \u21f1 Producto bajo pedido. Entrega en 1-8 semanas\" \/>\n<meta property=\"og:url\" content=\"https:\/\/arredo2001.com\/en\/product\/drab-mirror\/\" \/>\n<meta property=\"og:site_name\" content=\"arredo2001.com\" \/>\n<meta property=\"article:modified_time\" content=\"2024-12-08T17:30:21+00:00\" \/>\n<meta property=\"og:image\" content=\"https:\/\/arredo2001.com\/wp-content\/uploads\/2024\/09\/Zieta_DRAB_Mirror_inox_Zieta_Collection.jpg.jpg\" \/>\n\t<meta property=\"og:image:width\" content=\"857\" \/>\n\t<meta property=\"og:image:height\" content=\"1071\" \/>\n\t<meta property=\"og:image:type\" content=\"image\/jpeg\" \/>\n<meta name=\"twitter:card\" content=\"summary_large_image\" \/>\n<script type=\"application\/ld+json\" class=\"yoast-schema-graph\">{\"@context\":\"https:\/\/schema.org\",\"@graph\":[{\"@type\":\"WebPage\",\"@id\":\"https:\/\/arredo2001.com\/product\/drab-mirror\/\",\"url\":\"https:\/\/arredo2001.com\/product\/drab-mirror\/\",\"name\":\"Drab Mirror | arredo2001.com\",\"isPartOf\":{\"@id\":\"https:\/\/arredo2001.com\/#website\"},\"primaryImageOfPage\":{\"@id\":\"https:\/\/arredo2001.com\/product\/drab-mirror\/#primaryimage\"},\"image\":{\"@id\":\"https:\/\/arredo2001.com\/product\/drab-mirror\/#primaryimage\"},\"thumbnailUrl\":\"https:\/\/arredo2001.com\/wp-content\/uploads\/2024\/09\/Zieta_DRAB_Mirror_inox_Zieta_Collection.jpg.jpg\",\"datePublished\":\"2024-09-07T19:47:33+00:00\",\"dateModified\":\"2024-12-08T17:30:21+00:00\",\"breadcrumb\":{\"@id\":\"https:\/\/arredo2001.com\/product\/drab-mirror\/#breadcrumb\"},\"inLanguage\":\"en-GB\",\"potentialAction\":[{\"@type\":\"ReadAction\",\"target\":[\"https:\/\/arredo2001.com\/product\/drab-mirror\/\"]}]},{\"@type\":\"ImageObject\",\"inLanguage\":\"en-GB\",\"@id\":\"https:\/\/arredo2001.com\/product\/drab-mirror\/#primaryimage\",\"url\":\"https:\/\/arredo2001.com\/wp-content\/uploads\/2024\/09\/Zieta_DRAB_Mirror_inox_Zieta_Collection.jpg.jpg\",\"contentUrl\":\"https:\/\/arredo2001.com\/wp-content\/uploads\/2024\/09\/Zieta_DRAB_Mirror_inox_Zieta_Collection.jpg.jpg\",\"width\":857,\"height\":1071},{\"@type\":\"BreadcrumbList\",\"@id\":\"https:\/\/arredo2001.com\/product\/drab-mirror\/#breadcrumb\",\"itemListElement\":[{\"@type\":\"ListItem\",\"position\":1,\"name\":\"Portada\",\"item\":\"https:\/\/arredo2001.com\/\"},{\"@type\":\"ListItem\",\"position\":2,\"name\":\"Cat\u00e1logo\",\"item\":\"https:\/\/arredo2001.com\/catalogo\/\"},{\"@type\":\"ListItem\",\"position\":3,\"name\":\"Drab Mirror\"}]},{\"@type\":\"WebSite\",\"@id\":\"https:\/\/arredo2001.com\/#website\",\"url\":\"https:\/\/arredo2001.com\/\",\"name\":\"arredo2001.com\",\"description\":\"\",\"publisher\":{\"@id\":\"https:\/\/arredo2001.com\/#organization\"},\"potentialAction\":[{\"@type\":\"SearchAction\",\"target\":{\"@type\":\"EntryPoint\",\"urlTemplate\":\"https:\/\/arredo2001.com\/?s={search_term_string}\"},\"query-input\":{\"@type\":\"PropertyValueSpecification\",\"valueRequired\":true,\"valueName\":\"search_term_string\"}}],\"inLanguage\":\"en-GB\"},{\"@type\":\"Organization\",\"@id\":\"https:\/\/arredo2001.com\/#organization\",\"name\":\"arredo2001.com\",\"url\":\"https:\/\/arredo2001.com\/\",\"logo\":{\"@type\":\"ImageObject\",\"inLanguage\":\"en-GB\",\"@id\":\"https:\/\/arredo2001.com\/#\/schema\/logo\/image\/\",\"url\":\"https:\/\/arredo2001.com\/wp-content\/uploads\/2024\/08\/A01-Logotipo.png\",\"contentUrl\":\"https:\/\/arredo2001.com\/wp-content\/uploads\/2024\/08\/A01-Logotipo.png\",\"width\":138,\"height\":57,\"caption\":\"arredo2001.com\"},\"image\":{\"@id\":\"https:\/\/arredo2001.com\/#\/schema\/logo\/image\/\"}}]}<\/script>\n<!-- \/ Yoast SEO plugin. -->","yoast_head_json":{"title":"Drab Mirror | arredo2001.com","robots":{"index":"index","follow":"follow","max-snippet":"max-snippet:-1","max-image-preview":"max-image-preview:large","max-video-preview":"max-video-preview:-1"},"canonical":"https:\/\/arredo2001.com\/en\/product\/drab-mirror\/","og_locale":"en_GB","og_type":"article","og_title":"Drab Mirror | arredo2001.com","og_description":"ZIETA  &nbsp;  \u21f1 Producto bajo pedido. Entrega en 1-8 semanas","og_url":"https:\/\/arredo2001.com\/en\/product\/drab-mirror\/","og_site_name":"arredo2001.com","article_modified_time":"2024-12-08T17:30:21+00:00","og_image":[{"width":857,"height":1071,"url":"https:\/\/arredo2001.com\/wp-content\/uploads\/2024\/09\/Zieta_DRAB_Mirror_inox_Zieta_Collection.jpg.jpg","type":"image\/jpeg"}],"twitter_card":"summary_large_image","schema":{"@context":"https:\/\/schema.org","@graph":[{"@type":"WebPage","@id":"https:\/\/arredo2001.com\/product\/drab-mirror\/","url":"https:\/\/arredo2001.com\/product\/drab-mirror\/","name":"Drab Mirror | arredo2001.com","isPartOf":{"@id":"https:\/\/arredo2001.com\/#website"},"primaryImageOfPage":{"@id":"https:\/\/arredo2001.com\/product\/drab-mirror\/#primaryimage"},"image":{"@id":"https:\/\/arredo2001.com\/product\/drab-mirror\/#primaryimage"},"thumbnailUrl":"https:\/\/arredo2001.com\/wp-content\/uploads\/2024\/09\/Zieta_DRAB_Mirror_inox_Zieta_Collection.jpg.jpg","datePublished":"2024-09-07T19:47:33+00:00","dateModified":"2024-12-08T17:30:21+00:00","breadcrumb":{"@id":"https:\/\/arredo2001.com\/product\/drab-mirror\/#breadcrumb"},"inLanguage":"en-GB","potentialAction":[{"@type":"ReadAction","target":["https:\/\/arredo2001.com\/product\/drab-mirror\/"]}]},{"@type":"ImageObject","inLanguage":"en-GB","@id":"https:\/\/arredo2001.com\/product\/drab-mirror\/#primaryimage","url":"https:\/\/arredo2001.com\/wp-content\/uploads\/2024\/09\/Zieta_DRAB_Mirror_inox_Zieta_Collection.jpg.jpg","contentUrl":"https:\/\/arredo2001.com\/wp-content\/uploads\/2024\/09\/Zieta_DRAB_Mirror_inox_Zieta_Collection.jpg.jpg","width":857,"height":1071},{"@type":"BreadcrumbList","@id":"https:\/\/arredo2001.com\/product\/drab-mirror\/#breadcrumb","itemListElement":[{"@type":"ListItem","position":1,"name":"Portada","item":"https:\/\/arredo2001.com\/"},{"@type":"ListItem","position":2,"name":"Cat\u00e1logo","item":"https:\/\/arredo2001.com\/catalogo\/"},{"@type":"ListItem","position":3,"name":"Drab Mirror"}]},{"@type":"WebSite","@id":"https:\/\/arredo2001.com\/#website","url":"https:\/\/arredo2001.com\/","name":"arredo2001.com","description":"","publisher":{"@id":"https:\/\/arredo2001.com\/#organization"},"potentialAction":[{"@type":"SearchAction","target":{"@type":"EntryPoint","urlTemplate":"https:\/\/arredo2001.com\/?s={search_term_string}"},"query-input":{"@type":"PropertyValueSpecification","valueRequired":true,"valueName":"search_term_string"}}],"inLanguage":"en-GB"},{"@type":"Organization","@id":"https:\/\/arredo2001.com\/#organization","name":"arredo2001.com","url":"https:\/\/arredo2001.com\/","logo":{"@type":"ImageObject","inLanguage":"en-GB","@id":"https:\/\/arredo2001.com\/#\/schema\/logo\/image\/","url":"https:\/\/arredo2001.com\/wp-content\/uploads\/2024\/08\/A01-Logotipo.png","contentUrl":"https:\/\/arredo2001.com\/wp-content\/uploads\/2024\/08\/A01-Logotipo.png","width":138,"height":57,"caption":"arredo2001.com"},"image":{"@id":"https:\/\/arredo2001.com\/#\/schema\/logo\/image\/"}}]}},"uagb_featured_image_src":{"full":["https:\/\/arredo2001.com\/wp-content\/uploads\/2024\/09\/Zieta_DRAB_Mirror_inox_Zieta_Collection.jpg.jpg",857,1071,false],"thumbnail":["https:\/\/arredo2001.com\/wp-content\/uploads\/2024\/09\/Zieta_DRAB_Mirror_inox_Zieta_Collection.jpg-150x150.jpg",150,150,true],"medium":["https:\/\/arredo2001.com\/wp-content\/uploads\/2024\/09\/Zieta_DRAB_Mirror_inox_Zieta_Collection.jpg-240x300.jpg",240,300,true],"medium_large":["https:\/\/arredo2001.com\/wp-content\/uploads\/2024\/09\/Zieta_DRAB_Mirror_inox_Zieta_Collection.jpg-768x960.jpg",768,960,true],"large":["https:\/\/arredo2001.com\/wp-content\/uploads\/2024\/09\/Zieta_DRAB_Mirror_inox_Zieta_Collection.jpg-819x1024.jpg",819,1024,true],"1536x1536":["https:\/\/arredo2001.com\/wp-content\/uploads\/2024\/09\/Zieta_DRAB_Mirror_inox_Zieta_Collection.jpg.jpg",857,1071,false],"2048x2048":["https:\/\/arredo2001.com\/wp-content\/uploads\/2024\/09\/Zieta_DRAB_Mirror_inox_Zieta_Collection.jpg.jpg",857,1071,false],"trp-custom-language-flag":["https:\/\/arredo2001.com\/wp-content\/uploads\/2024\/09\/Zieta_DRAB_Mirror_inox_Zieta_Collection.jpg.jpg",10,12,false],"rodest_core_image_size_square":["https:\/\/arredo2001.com\/wp-content\/uploads\/2024\/09\/Zieta_DRAB_Mirror_inox_Zieta_Collection.jpg-650x650.jpg",650,650,true],"rodest_core_image_size_landscape":["https:\/\/arredo2001.com\/wp-content\/uploads\/2024\/09\/Zieta_DRAB_Mirror_inox_Zieta_Collection.jpg-857x650.jpg",857,650,true],"rodest_core_image_size_portrait":["https:\/\/arredo2001.com\/wp-content\/uploads\/2024\/09\/Zieta_DRAB_Mirror_inox_Zieta_Collection.jpg-650x1071.jpg",650,1071,true],"rodest_core_image_size_huge-square":["https:\/\/arredo2001.com\/wp-content\/uploads\/2024\/09\/Zieta_DRAB_Mirror_inox_Zieta_Collection.jpg.jpg",857,1071,false],"woocommerce_thumbnail":["https:\/\/arredo2001.com\/wp-content\/uploads\/2024\/09\/Zieta_DRAB_Mirror_inox_Zieta_Collection.jpg-600x750.jpg",600,750,true],"woocommerce_single":["https:\/\/arredo2001.com\/wp-content\/uploads\/2024\/09\/Zieta_DRAB_Mirror_inox_Zieta_Collection.jpg.jpg",857,1071,false],"woocommerce_gallery_thumbnail":["https:\/\/arredo2001.com\/wp-content\/uploads\/2024\/09\/Zieta_DRAB_Mirror_inox_Zieta_Collection.jpg-100x100.jpg",100,100,true],"qi_blocks_image_size_square":["https:\/\/arredo2001.com\/wp-content\/uploads\/2024\/09\/Zieta_DRAB_Mirror_inox_Zieta_Collection.jpg-650x650.jpg",650,650,true],"qi_blocks_image_size_landscape":["https:\/\/arredo2001.com\/wp-content\/uploads\/2024\/09\/Zieta_DRAB_Mirror_inox_Zieta_Collection.jpg-857x650.jpg",857,650,true],"qi_blocks_image_size_portrait":["https:\/\/arredo2001.com\/wp-content\/uploads\/2024\/09\/Zieta_DRAB_Mirror_inox_Zieta_Collection.jpg-650x1071.jpg",650,1071,true],"qi_blocks_image_size_huge_square":["https:\/\/arredo2001.com\/wp-content\/uploads\/2024\/09\/Zieta_DRAB_Mirror_inox_Zieta_Collection.jpg.jpg",857,1071,false]},"uagb_author_info":{"display_name":"Gina-Admin","author_link":"https:\/\/arredo2001.com\/en\/author\/"},"uagb_comment_info":0,"uagb_excerpt":"ZIETA &nbsp; \u21f1 Producto bajo pedido. Entrega en 1-8 semanas","_links":{"self":[{"href":"https:\/\/arredo2001.com\/en\/wp-json\/wp\/v2\/product\/8935"}],"collection":[{"href":"https:\/\/arredo2001.com\/en\/wp-json\/wp\/v2\/product"}],"about":[{"href":"https:\/\/arredo2001.com\/en\/wp-json\/wp\/v2\/types\/product"}],"replies":[{"embeddable":true,"href":"https:\/\/arredo2001.com\/en\/wp-json\/wp\/v2\/comments?post=8935"}],"wp:featuredmedia":[{"embeddable":true,"href":"https:\/\/arredo2001.com\/en\/wp-json\/wp\/v2\/media\/8961"}],"wp:attachment":[{"href":"https:\/\/arredo2001.com\/en\/wp-json\/wp\/v2\/media?parent=8935"}],"wp:term":[{"taxonomy":"product_cat","embeddable":true,"href":"https:\/\/arredo2001.com\/en\/wp-json\/wp\/v2\/product_cat?post=8935"},{"taxonomy":"product_tag","embeddable":true,"href":"https:\/\/arredo2001.com\/en\/wp-json\/wp\/v2\/product_tag?post=8935"}],"curies":[{"name":"wp","href":"https:\/\/api.w.org\/{rel}","templated":true}]}}